{"id":21494,"date":"2020-09-24T14:36:55","date_gmt":"2020-09-24T14:36:55","guid":{"rendered":"http:\/\/www.neurolab-inc.com\/site\/?page_id=21494"},"modified":"2024-06-10T03:43:21","modified_gmt":"2024-06-10T03:43:21","slug":"engrais","status":"publish","type":"page","link":"https:\/\/momiji.neurolab-inc.com\/?page_id=21494","title":{"rendered":"Engrais"},"content":{"rendered":"<p><strong>D\u00e9cembre-Janvier<\/strong> : La fertilisation n&rsquo;est plus n\u00e9cessaire, sauf peut-\u00eatre tr\u00e8s l\u00e9g\u00e8rement pour les esp\u00e8ces \u00e0 feuillage persistant et celles dites d&rsquo;int\u00e9rieur.<\/p>\n<p><strong>F\u00e9vrier<\/strong> : Peu ou pas d&rsquo;engrais. Il vaut mieux laisser les feuillus d\u00e9bourrer sur leurs propres r\u00e9serves et attendre que le feuillage soit bien \u00e9tabli avant de les engraisser. Pour les jeunes plants qui ont besoin de cro\u00eetre et d&rsquo;\u00e9toffer leur feuillage, on pourra commencer \u00e0 leur donner de l&rsquo;engrais organique solide, \u00e0 lente d\u00e9composition.<\/p>\n<p><strong>Mars <\/strong>: Sur les arbres en feuilles, on donnera de l&rsquo;engrais organique en boulettes ou micro-billes. Pas d&rsquo;engrais sur les conif\u00e8res dont les bourgeons commencent \u00e0 gonfler, sauf \u00e9ventuellement sur les gen\u00e9vriers en cours de formation, jeune plants et arbres ayant re\u00e7u une taille de structure durant l&rsquo;hiver.<\/p>\n<p><strong>Avril<\/strong> : Les arbres venant d&rsquo;\u00eatre rempot\u00e9s, carenc\u00e9s ou affaiblis la saison pr\u00e9c\u00e9dente,<strong> seront trait\u00e9s les premi\u00e8res semaines, \u00e0 chaque arrosage<\/strong>, par un apport de Superthrive, Tonus V ou HB 101.<\/p>\n<p><strong>Mai<\/strong> : L&rsquo;apport d&rsquo;engrais est d\u00e9sormais r\u00e9gulier, par boulettes, micro-billes ou liquides organiques. L&rsquo;apport de fer ch\u00e9lat\u00e9 pour les esp\u00e8ces acidophiles peut s&rsquo;av\u00e9rer n\u00e9cessaire, selon le pH de l&rsquo;eau d&rsquo;arrosage, afin de maintenir une bonne photosynth\u00e8se et une assimilation racinaire satisfaisante. Les engrais foliaires sont \u00e9galement un plus, par l&rsquo;apport suppl\u00e9mentaire d&rsquo;oligo-\u00e9l\u00e9ments. Vaporisation de ces engrais par temps calme, en dehors des p\u00e9riodes chaudes et trop ensoleill\u00e9es.<\/p>\n<p><strong>Juin<\/strong> : Pas d&rsquo;apport d&rsquo;engrais pendant les canicules, soit au-dessus de temp\u00e9ratures diurnes de 30\u00b0 \u00e0 35\u00b0 C (Temp\u00e9rature sous abris). Pulv\u00e9risations foliaires d&rsquo;oligo-\u00e9l\u00e9ments tous les 15 jours \u00e9ventuellement.<\/p>\n<p><strong>Juillet-Ao\u00fbt<\/strong>\u00a0 : Les arbres sont en \u00e9tat quasi-stationnaire, la pousse de printemps \u00e9tant \u00e0 pr\u00e9sent termin\u00e9e, feuillage et rameaux parvenant \u00e0 maturit\u00e9 sous l&rsquo;effet du soleil. Cependant dans les r\u00e9gions aux \u00e9t\u00e9s moins chauds, l&rsquo;activit\u00e9 des arbres continue sans ralentir. Le stockage des \u00e9l\u00e9ments nutritifs se poursuit en vue d&rsquo;une seconde pousse possible d\u00e8s septembre, selon les esp\u00e8ces et les conditions de culture, ou en vue du printemps prochain<\/p>\n<p><strong>Septembre<\/strong> : Pour soutenir l&rsquo;activit\u00e9 physiologique des arbres, reprise v\u00e9g\u00e9tative et racinaire, et pr\u00e9parer l&rsquo;hiver, il faut apporter un engraissement appropri\u00e9.<br \/>\nLes arbres d\u00e9foli\u00e9s ou ayant subis des accidents de culture devront recevoir un engrais \u00e9quilibr\u00e9 ou l\u00e9g\u00e8rement plus riche en azote (N). Pour les autres, on pourra commencer \u00e0 apporter un engrais avec un taux de phosphore (P) et de potasse (K) plus important.<br \/>\nL&rsquo;apport d&rsquo;oligo-\u00e9l\u00e9ments en pulv\u00e9risation foliaire apportera de quoi renforcer la r\u00e9sistance au froid des arbres et leurs d\u00e9fenses immunitaires.<\/p>\n<p><strong>Octobre<\/strong> : Apport d&rsquo;engrais organique essentiellement riche en P et K (phosphore et potassium) avec apport d&rsquo;oligo-\u00e9l\u00e9ments en compl\u00e9ment (calcium, fer, cuivre, brome, mangan\u00e8se, bore, cobalt, zinc, etc\u2026). L&rsquo;apport d&rsquo;oligo-\u00e9l\u00e9ments facilite l&rsquo;absorption par les racines des nutriments organiques synth\u00e9tis\u00e9s en sels min\u00e9raux, et renforce les d\u00e9fenses immunitaires de l&rsquo;arbre.<\/p>\n<p><strong>Novembre<\/strong> :\u00a0 Sur les feuillus encore en vert et les conif\u00e8res, il est possible d&rsquo;apporter un engrais nul ou faible en azote, \u00e0 composition riche en phosphore, potassium et oligo-\u00e9l\u00e9ments, de pr\u00e9f\u00e9rence organique solide ou liquide. Cet apport d\u00e9pend des conditions climatiques de chacun. Pour ceux qui subissent des temp\u00e9ratures n\u00e9gatives, les arbres sont a priori en \u00e9tat de dormance et l&rsquo;apport d&rsquo;engrais, dans ce cas, ne sert \u00e0 rien.<\/p>\n<hr \/>\n<hr \/>\n<h1 style=\"text-align: left;\">Biogold<img decoding=\"async\" class=\"alignright\" src=\"https:\/\/external-content.duckduckgo.com\/iu\/?u=https%3A%2F%2Fwww.crespibonsai.com%2F4737-medium_default%2Fcopy-of-engrais-organique-japonais-biogold-24-kg.jpg&amp;f=1&amp;nofb=1\" alt=\"Engrais Organique Japonais - Biogold - 900 g\" \/><\/h1>\n<p style=\"text-align: left;\">100% organique, \u00e0 d\u00e9composition lente<\/p>\n<p style=\"text-align: left;\"><strong>NPK 5,5-6,5-3,5 + oligo \u00e9l\u00e9ments +<\/strong><\/p>\n<p><strong>Mode d&#8217;emploi<\/strong> :<\/p>\n<p>Dans des paniers a faire tourner toutes les 3 semaines<\/p>\n<p><strong>Dosage :<\/strong><\/p>\n<p>&#8211; remplir chaque paniers X nombres de paniers par taille arbres<\/p>\n<hr \/>\n<h1 style=\"text-align: left;\">Vitabonsai<\/h1>\n<p><img decoding=\"async\" class=\"alignright\" src=\"https:\/\/irunbonsai.com\/3552-home_default\/vitabonsai.jpg\" alt=\"VITABONSAI\" \/><\/p>\n<h3 style=\"text-align: left;\">Stimulant-Fortifiant-Reverdissant<\/h3>\n<p><em>(Equivalent du Tonus V)<\/em><br \/>\n<strong>NPK: 3-6-6<\/strong><\/p>\n<p>permet d&rsquo;activer la croissance de vos bonsai, reverdit les feuilles, favorise la floraison et augmente la r\u00e9sistance aux maladies et au froid de l&rsquo;hiver. Vitabonsai \u00e9vite le choc post\u00e9rieur au rempotage et am\u00e9liore la production des racines sur les arbres pr\u00e9lev\u00e9s et apr\u00e8s rempotage.<\/p>\n<p>-doit \u00eatre utilis\u00e9 comme compl\u00e9ment de l&rsquo;engrais habituel, il ne doit pas \u00eatre utilis\u00e9 comme substitut.<\/p>\n<p><strong>Mode d&#8217;emploi<\/strong> :<\/p>\n<p>Agiter avant emploi. Appliquer toujours dissous dans l&rsquo;eau d&rsquo;arrosage, en suivant les indications de dosage recommand\u00e9s. Conserver dans un endroit frais et prot\u00e9g\u00e9 de la lumi\u00e8re.<\/p>\n<p><strong>Dosage :<\/strong><\/p>\n<p>&#8211; Pour l&rsquo;entretien : 20 gouttes par litre d&rsquo;eau d&rsquo;arrosage tous les 15 jours<br \/>\n&#8211; Apr\u00e8s le rempotage : 1 application de 40 gouttes par litre d&rsquo;eau d&rsquo;arrosage<br \/>\n&#8211; Pour les arbres affaiblis : 1 application de 60 gouttes par litre d&rsquo;eau d&rsquo;arrosage<\/p>\n<p>Composition :<br \/>\nOrgano-min\u00e9ral NP 8-2 avec micronutriments<br \/>\nAzote (N) total 8% , azote organique 4%, azote ammoniacal 4%<br \/>\nAnhydride phospohorique (P2O5) total 2%, anhydride phosphorique soluble dans l&rsquo;eau et le citrate d&rsquo;ammonium neutre 2%<br \/>\nCarbone (C) organique 9%<br \/>\nComposants : agent chelateur EDTA, intervalle de PH qui assure une bonne stabilit\u00e9 de la fraction ch\u00e9lat\u00e9e 4 \u00e0 7,5<\/p>\n<hr \/>\n<h1>HB-101<\/h1>\n<h3>stimulant et revitalisant v\u00e9g\u00e9taux<\/h3>\n<p>Revitalisant et stimulant 100% naturel pour plantes, bonsai et fleurs.<\/p>\n<p>Renforce et augmente le rendement de la photosynth\u00e8se.<br \/>\nCela se traduit par un feuillage plus vert, une am\u00e9lioration du syst\u00e8me immunitaire, une meilleure croissance.<\/p>\n<p>HB-101 est id\u00e9al pour aider un arbre un peu faible ou apr\u00e8s un rempotage.<\/p>\n<p><strong>Mode d&#8217;emploi<\/strong> :<\/p>\n<p>HB-101 dilu\u00e9 est pulv\u00e9ris\u00e9 sur le feuillage ou si le sol en est arros\u00e9<\/p>\n<p><strong>Dosage : <\/strong>1 ml\/litre d&rsquo;eau.<\/p>\n<hr \/>\n<h1 style=\"text-align: left;\">AMINOLOM REVERDECIENTE<\/h1>\n<p style=\"text-align: left;\">Un complexe de vitamines et de fer ch\u00e9lat\u00e9 avec EDDHA et des acides amin\u00e9s L d&rsquo;origine v\u00e9g\u00e9tale. Le fer ch\u00e9lat\u00e9 avec EDDHA garantit l&rsquo;efficacit\u00e9 du produit lorsqu&rsquo;il est appliqu\u00e9 au sol.<br \/>\nLes acides amin\u00e9s, en plus d&rsquo;\u00eatre le meilleur agent ch\u00e9latant pour les applications foliaires, stimulent l&rsquo;absorption du produit par la plante et activent le m\u00e9tabolisme de la plante.<\/p>\n<p><strong>Mode d&#8217;emploi<\/strong> :<\/p>\n<p>Appliquer toujours dissous dans l&rsquo;eau d&rsquo;arrosage tous les 15 jours<\/p>\n<p><strong>Dosage : <\/strong>3 ml\/litre d&rsquo;eau.<\/p>\n","protected":false},"excerpt":{"rendered":"<p>D\u00e9cembre-Janvier : La fertilisation n&rsquo;est plus n\u00e9cessaire, sauf peut-\u00eatre tr\u00e8s l\u00e9g\u00e8rement pour les esp\u00e8ces \u00e0 feuillage persistant et celles dites d&rsquo;int\u00e9rieur. F\u00e9vrier : Peu ou pas d&rsquo;engrais. Il vaut mieux laisser les feuillus d\u00e9bourrer sur leurs propres r\u00e9serves et attendre que le feuillage soit bien \u00e9tabli avant de les engraisser. Pour les jeunes plants qui [&hellip;]<\/p>\n","protected":false},"author":4,"featured_media":0,"parent":0,"menu_order":0,"comment_status":"closed","ping_status":"closed","template":"","meta":{"footnotes":""},"class_list":["post-21494","page","type-page","status-publish","hentry"],"blocksy_meta":[],"_links":{"self":[{"href":"https:\/\/momiji.neurolab-inc.com\/index.php?rest_route=\/wp\/v2\/pages\/21494","targetHints":{"allow":["GET"]}}],"collection":[{"href":"https:\/\/momiji.neurolab-inc.com\/index.php?rest_route=\/wp\/v2\/pages"}],"about":[{"href":"https:\/\/momiji.neurolab-inc.com\/index.php?rest_route=\/wp\/v2\/types\/page"}],"author":[{"embeddable":true,"href":"https:\/\/momiji.neurolab-inc.com\/index.php?rest_route=\/wp\/v2\/users\/4"}],"replies":[{"embeddable":true,"href":"https:\/\/momiji.neurolab-inc.com\/index.php?rest_route=%2Fwp%2Fv2%2Fcomments&post=21494"}],"version-history":[{"count":18,"href":"https:\/\/momiji.neurolab-inc.com\/index.php?rest_route=\/wp\/v2\/pages\/21494\/revisions"}],"predecessor-version":[{"id":22006,"href":"https:\/\/momiji.neurolab-inc.com\/index.php?rest_route=\/wp\/v2\/pages\/21494\/revisions\/22006"}],"wp:attachment":[{"href":"https:\/\/momiji.neurolab-inc.com\/index.php?rest_route=%2Fwp%2Fv2%2Fmedia&parent=21494"}],"curies":[{"name":"wp","href":"https:\/\/api.w.org\/{rel}","templated":true}]}}