{"id":21510,"date":"2020-09-24T21:30:04","date_gmt":"2020-09-24T21:30:04","guid":{"rendered":"http:\/\/www.neurolab-inc.com\/site\/?page_id=21510"},"modified":"2020-09-30T18:08:05","modified_gmt":"2020-09-30T18:08:05","slug":"taille","status":"publish","type":"page","link":"https:\/\/momiji.neurolab-inc.com\/?page_id=21510","title":{"rendered":"Taille"},"content":{"rendered":"<hr \/>\n<h1>Juin<\/h1>\n<p><strong>D\u00e9foliation<\/strong>:<br \/>\nLe principe de la d\u00e9foliation est de :<br \/>\n&#8211; permettre un bourgeonnement en arri\u00e8re pour renouveler les branches ou en favoriser l&rsquo;apparition plus pr\u00e8s du tronc, et ainsi densifier le feuillage<br \/>\n&#8211; \u00e9quilibrer la force de l&rsquo;arbre g\u00e9n\u00e9ralement concentr\u00e9e en bout de branches et au sommet (pr\u00e9dominance apicale), vers les branches les plus basses ou les plus faibles.<br \/>\n&#8211; obtenir une seconde pousse de feuilles plus petites aux couleurs plus \u00e9clatantes \u00e0 l&rsquo;automne.<\/p>\n<p>A ne pratiquer que sur arbres vigoureux et bien fertilis\u00e9s. Jamais l&rsquo;ann\u00e9e d&rsquo;un rempotage. Sans toucher aux rameaux et branches faibles.<\/p>\n<p>&#8211; <strong>Erables, \u00e9rables palmatum<\/strong> : la d\u00e9foliation s&rsquo;effectue courant juin, sur rameaux ao\u00fbt\u00e9s, en coupant avec des ciseaux fins le p\u00e9tiole de la feuille, au plus pr\u00e8s de la feuille. Par la suite les p\u00e9tioles rest\u00e9s sur les branches tomberont tout seul. De nouveaux bourgeons appara\u00eetront, puis les feuilles d\u00e8s septembre.<br \/>\n&#8211; Caducs (<strong>Ch\u00eane<\/strong>, charme, h\u00eatre, ormes, etc\u2026) La d\u00e9foliation aura lieu fin juin, avec raccourcissement des branches pour obtenir un bourgeonnement arri\u00e8re. A ne pratiquer q&rsquo;une ann\u00e9e sur deux ou selon vigueur de l&rsquo;arbre et conditions de culture.<br \/>\n&#8211; Persistants (<strong>olivier, ch\u00eane li\u00e8ge, ficus<\/strong>, etc\u2026). Fin juin, r\u00e9duction des rameaux \u00e0 1 paire de feuilles, selon longueur souhait\u00e9e et coupe aux ciseaux des p\u00e9tioles des feuilles depuis la paire terminale vers le tronc. Un bourgeonnement aura lieu \u00e0 la base des p\u00e9tioles coup\u00e9s.<\/p>\n<hr \/>\n<h1>Juillet-Ao\u00fbt<\/h1>\n<p><strong>D\u00e9foliation<\/strong>:<br \/>\nD\u00e9foliation encore possible d\u00e9but juillet, au Nord de la Loire, sur les arbres caducs : <strong>ch\u00eane<\/strong>, charme, h\u00eatre, ormes, etc\u2026<\/p>\n<hr \/>\n<h1>Septembre<\/h1>\n<p><strong>D\u00e9saiguillage des pins<\/strong><br \/>\nLe d\u00e9saiguillage de nos pins autochtone (Pinus mugo, <strong>uncinata<\/strong>, sylvestris, etc\u2026), sera effectu\u00e9 en fin de mois, uniquement sur rameaux forts et sur arbres en parfaite sant\u00e9 et vigoureux. Sur pins dits forts : Pinus thunbergii et <strong>pentaphylla<\/strong>, on pourra pratiquer un mekiri (suppression du bourgeon terminal sur rameaux forts) quelques semaines apr\u00e8s le d\u00e9saiguillage. Le mekiri est \u00e0 pratiquer tr\u00e8s raisonnablement sur arbres bien vigoureux, et surtout pas chaque ann\u00e9e.<br \/>\nPas de d\u00e9saiguillage sur un pin sur lequel on aura pratiqu\u00e9 une taille de structure l&rsquo;hiver pr\u00e9c\u00e9dent, ni rempot\u00e9 au printemps, ni affaibli.<\/p>\n<p><strong>Taille d&rsquo;entretien<\/strong><br \/>\nR\u00e9duction des rameaux ao\u00fbt\u00e9s qui ont beaucoup pouss\u00e9s : caduc et persistants.<br \/>\nLes rameaux coup\u00e9s pourront \u00eatre avantageusement boutur\u00e9s.<br \/>\nSuppression des gourmands sur les azal\u00e9es notamment. S\u00e9lection des fruits pour n&rsquo;en conserver qu&rsquo;un minimum : pommiers, cognassiers, grenadiers, oliviers, etc. Les pyracantha, callicarpa et cotoneaster supportent sans probl\u00e8me la conservation de la totalit\u00e9 de leurs baies.<\/p>\n<p><strong>Ligaturage<\/strong><br \/>\nToutes les esp\u00e8ces peuvent \u00eatre ligatur\u00e9es et hauban\u00e9es. Le danger de marquage de l&rsquo;\u00e9corce par les fils de ligature est nettement moindre qu&rsquo;au printemps. Il faudra prendre soin de ne pas coincer de feuilles ou d&rsquo;aiguilles entre la ligature et l&rsquo;\u00e9corce. Grosso-modo, le diam\u00e8tre du fil de ligature repr\u00e9sente 1\/3 du diam\u00e8tre de la branche \u00e0 ligaturer. On \u00e9vitera de croiser les fils si possible. Si un fil \u00e0 ligature n&rsquo;est pas suffisant pour courber une branche, il est toujours possible de le doubler. Certaines esp\u00e8ces \u00e0 l&rsquo;\u00e9corce fragile recevront en pr\u00e9alable une protection en raphia humide bien serr\u00e9 autour des branches \u00e0 placer.<\/p>\n<hr \/>\n<h1>Octobre<\/h1>\n<p><strong>Taille<\/strong><br \/>\nSur les feuillus, on peut encore pratiquer une taille l\u00e9g\u00e8re, en raccourcissant les rameaux, en supprimant quelques branches secondaires inutiles ou mal plac\u00e9es, celles qui poussent verticalement depuis une branche principale, vers le bas ou vers le haut. Idem sur gen\u00e9vriers.<br \/>\nIl faut s\u00e9lectionner les fruits arriv\u00e9s \u00e0 maturit\u00e9 que l&rsquo;on souhaite conserver et n&rsquo;en garder qu&rsquo;un \u00e0 trois sur les pommiers par exemple, de fa\u00e7on \u00e0 ne pas \u00e9puiser l&rsquo;arbre.<br \/>\nSi le d\u00e9s aiguillage des pins a \u00e9t\u00e9 pratiqu\u00e9 de mi-septembre \u00e0 fin septembre, un mekiri (suppression du bourgeon terminal) pourra \u00eatre pratiqu\u00e9 sur les branches fortes pour r\u00e9\u00e9quilibrer la force d&rsquo;un arbre. Pas de mekiri sur branche faible.<br \/>\nDans les r\u00e9gions nord ou montagneuses, les <strong>\u00e9rables<\/strong> peuvent perdre leurs feuilles en octobre. Auquel cas la taille de structure pourra \u00eatre pratiqu\u00e9e d\u00e8s cette chute termin\u00e9e, avec un masticage soign\u00e9 des plaies.<\/p>\n<hr \/>\n<h1>Novembre<\/h1>\n<p><strong>Taille<\/strong><br \/>\nLa taille d&rsquo;entretien peut encore \u00eatre effectu\u00e9e : raccourcissement l\u00e9ger des rameaux, \u00e9claircissement des frondaisons des conif\u00e8res, suppression des bourgeons mal plac\u00e9s. C&rsquo;est encore le moment pour pincer les pousses de l&rsquo;ann\u00e9e sur les gen\u00e9vriers.<\/p>\n<p>Sur arbres \u00e0 fleurs et \u00e0 fruits, la taille des branches fortes est encore possible, mais sans toucher aux boutons floraux.<\/p>\n<p>Except\u00e9 sur des esp\u00e8ces \u00e0 baies, telles que les Pyracantha, Cotoneaster, Callicarpa, etc., qui peuvent conserver leurs fruits tout l&rsquo;hiver, il faut supprimer les fruits qui ne sont pas d\u00e9j\u00e0 tomb\u00e9s ou n&rsquo;en laisser qu&rsquo;un \u00e0 la limite.<\/p>\n<p>Les rameaux coup\u00e9s peuvent \u00eatre boutur\u00e9s dans un substrat drainant enrichi en terreau tamis\u00e9, conserv\u00e9 humide et \u00e0 l&rsquo;abri du gel, en vue de greffes ult\u00e9rieures (racines ou branches) ou pour en faire de futurs plants, en pousse libre avant formation.<\/p>\n<p><strong>Formation<\/strong><br \/>\nLigaturage des persistants et des conif\u00e8res. Pour ces derniers il s&rsquo;agit de ligaturer l\u00e9g\u00e8rement les rameaux en laissant libre les parties d\u00e9saiguill\u00e9es susceptibles de produire des bourgeons.<\/p>\n<p><strong>La taille de structure est possible sur arbres caducs \u00e0 la chute des feuilles, sur les \u00e9rables plus particuli\u00e8rement.<\/strong> Il faut bien entendu un arbre bien vigoureux dans un substrat drainant. Les plaies seront mastiqu\u00e9es avec soin, l&rsquo;arbre plac\u00e9 \u00e0 mi-ombre, et prot\u00e9g\u00e9 du vent tout l&rsquo;hiver.<\/p>\n<p>Il faut profiter des arbres d\u00e9nud\u00e9s pour \u00e9valuer leur potentiel et \u00e9laborer un bon projet de mise en forme, \u00e0 effectuer soit au cours de l&rsquo;hiver soit au d\u00e9bourrement (gonflement des bourgeons). Une photo de chaque face de l&rsquo;arbre, le point focal situ\u00e9 l\u00e9g\u00e8rement au-dessus du pot est un excellent support.<\/p>\n<hr \/>\n<h1>D\u00e9cembre-Janvier<\/h1>\n<p><strong>Tailles-Formation<\/strong><br \/>\nLes caduques sont d\u00e9nud\u00e9s et il est plus facile d&rsquo;\u00e9valuer la formation \u00e0 venir, par le dessin ou les visuels \u00e9labor\u00e9s \u00e0 la palette graphique \u00e0 partir de photos. Leur taille de formation n&rsquo;interviendra qu&rsquo;au moment du gonflement des bourgeons.<\/p>\n<p>Pour les conif\u00e8res c&rsquo;est la bonne p\u00e9riode pour effectuer les grosses coupes de formation, la mise en place des ligatures, les travaux de shari et de jin \u00e0 condition d&rsquo;avoir un projet bien ficel\u00e9. La formation de conif\u00e8re r\u00e9clamant souvent une torsion muscl\u00e9e, les gros pliages seront pr\u00e9c\u00e9d\u00e9s de bandes de raphia humide nou\u00e9es \u00e0 une extr\u00e9mit\u00e9 et enroul\u00e9es serr\u00e9es autour des branches et\/ou du tronc, avant la pose des ligatures ou des haubans.<br \/>\nToutes les coupes et plaies seront ensuite convenablement mastiqu\u00e9es.<\/p>\n<hr \/>\n<h1>F\u00e9vrier<\/h1>\n<p><strong>Tailles-Formation<\/strong><br \/>\nSur azal\u00e9es satsuki, il faut rep\u00e9rer les rameaux portant plusieurs bourgeons \u00e0 fleur \u00e0 leur extr\u00e9mit\u00e9, pour n&rsquo;en laisser qu&rsquo;un, bien orient\u00e9. Cette s\u00e9lection s&rsquo;\u00e9tendant jusqu&rsquo;\u00e0 la p\u00e9riode de floraison. En zones USDA 9 \u00e0 10 (climats oc\u00e9aniques et m\u00e9diterran\u00e9ens de plaine, Paris et proche couronne), le d\u00e9marrage de certaines esp\u00e8ces s&rsquo;av\u00e9rant plus pr\u00e9coce, la taille de structure des feuillus peut \u00eatre r\u00e9alis\u00e9e, notamment sur \u00e9rables, de m\u00eame qu&rsquo;une taille plus l\u00e9g\u00e8re sur rameaux, si elle n&rsquo;a pas \u00e9t\u00e9 effectu\u00e9e \u00e0 la chute des feuilles en automne. Les grosses plaies seront convenablement mastiqu\u00e9es. Pour les autres zones, il est pr\u00e9f\u00e9rable d&rsquo;attendre encore, soit la fin du mois, soit d\u00e9but mars, pour effectuer la taille de structure sur les caducs<\/p>\n<p>Les coupes de grosses branches r\u00e9alis\u00e9es sur tronc l&rsquo;ann\u00e9e pr\u00e9c\u00e9dente, peuvent \u00eatre reprises au cutter ou avec un couteau parfaitement aiguis\u00e9, voire \u00e0 la pince concave, soit pour favoriser leur cicatrisation, soit pour am\u00e9liorer leur aspect esth\u00e9tique en \u00e9vitant ainsi le d\u00e9veloppement de bourrelets disgracieux.<\/p>\n<p>En corollaire \u00e0 la taille, les rameaux et branches seront ligatur\u00e9s, en proc\u00e9dant depuis le bas vers l&rsquo;apex, des branches principales aux branches secondaires et tertiaires, en utilisant des fils de section appropri\u00e9e au diam\u00e8tre des branches.<\/p>\n<p>C&rsquo;est encore la bonne p\u00e9riode pour effectuer les jins et sharis sur conif\u00e8res. Brossage des anciens jins et sharis. Application \u00e9ventuelle de liquide \u00e0 jin l\u00e9g\u00e8rement color\u00e9 (encre de chine, pigments min\u00e9raux, etc&#8230;) pour prot\u00e9ger le bois des jins ou sharis.<\/p>\n<hr \/>\n<h1>Mars<\/h1>\n<p><strong>Tailles-formation<\/strong><br \/>\nIl est encore possible d&rsquo;effectuer les tailles de formation sur feuillus. On \u00e9vitera les tailles des conif\u00e8res, la reprise lente de leur activit\u00e9 induisant un \u00e9coulement de s\u00e8ve important.<br \/>\nSur tous les feuillus, suppression des gourmands et jeunes pousses sans int\u00e9r\u00eat esth\u00e9tique apparaissant sur les troncs. Surveillance des ligatures anciennes qui risquent de marquer l&rsquo;\u00e9corce avec le gonflement des tissus lors du d\u00e9veloppement du feuillage.<\/p>\n<p>Sur les azal\u00e9es, ligaturage des branches secondaires. Les rameaux de l&rsquo;ann\u00e9e pass\u00e9e se lignifient. Il est possible de supprimer les bourgeons \u00e0 fleurs quand ils sont en trop grand nombre, en n&rsquo;en laissant qu&rsquo;un seul bien orient\u00e9.<\/p>\n<p>Sur \u00e9rables, notamment les <strong>palmatum<\/strong> et s&rsquo;agissant de la formation des branches, pincement du dernier bourgeon lorsqu&rsquo;une pousse vient d&rsquo;\u00e9mettre une ou deux paires de feuilles, afin d&rsquo;\u00e9viter l&rsquo;allongement des entre-noeuds.<\/p>\n<hr \/>\n<h1>Avril<\/h1>\n<p><strong>Tailles-formation<\/strong><br \/>\nIl est dor\u00e9navant trop tard pour les tailles de structure sur les feuillus, sauf \u00e0 les fatiguer inutilement. En revanche, il faut veiller sur les troncs et branches pour \u00e9liminer les gourmands sauf si, judicieusement plac\u00e9s, ils peuvent constituer les points de d\u00e9veloppement de futures branches.<br \/>\nLes ligatures en place seront attentivement surveill\u00e9es, le d\u00e9veloppement foliaire s&rsquo;accompagnant du gonflement des tissus, les fils pouvant alors marquer durablement l&rsquo;\u00e9corce.<br \/>\nSuppression des bourgeons terminaux sur les <strong>\u00e9rables (\u00a0Acer palmatum\u00a0)<\/strong> form\u00e9s, apr\u00e8s la premi\u00e8re ou la deuxi\u00e8me paire de feuilles. Concernant les \u00e9rables de Burger, on proc\u00e8de par r\u00e9duction des rameaux \u00e0 une ou deux paires quand chaque rameau en a produit de 5 \u00e0 8 paires.<\/p>\n<p>Sur azal\u00e9es satsuki, les gourmands apparaissant \u00e0 la base des bourgeons floraux seront s\u00e9lectionn\u00e9s, soit enlev\u00e9s en totalit\u00e9, soit conserv\u00e9s au nombre de un ou deux, si orient\u00e9s dans l&rsquo;axe du rameau, et dans le cadre de la formation des plateaux.<\/p>\n<hr \/>\n<h1>Mai<\/h1>\n<p><strong>Tailles-formation<\/strong><br \/>\nPas de taille sur les arbres en formation, sauf suppression des gourmands pouvant appara\u00eetre sur les troncs et branches. Certaines esp\u00e8ces de feuillus, dont les branches sont en cours de formation (nebari et tronc d\u00e9j\u00e0 parfaitement form\u00e9s) pourront subir une taille en vert, destin\u00e9e \u00e0 s\u00e9lectionner branches secondaires et tertiaires, pour n&rsquo;en conserver que deux au maximum si au moins trois sont pr\u00e9sentes. Cette s\u00e9lection \u00e9vite les bourrelets disgracieux lorsque trois branches ou plus partent du m\u00eame point.<br \/>\nLes azal\u00e9es satsuki vont fleurir, il faudra ne plus leur apporter d&rsquo;engrais et attendre la fin compl\u00e8te de la floraison avant d&rsquo;en reprendre les apports. On attendra juin et l&rsquo;ao\u00fbtement des rameaux pour effectuer les d\u00e9foliations des esp\u00e8ces ayant besoin de ramifier et les supportant.<br \/>\nSurveiller les ligatures et les enlever ou les couper, d\u00e8s qu&rsquo;il y&rsquo; a menace de marquage de l&rsquo;\u00e9corce.<br \/>\nL&rsquo;usage des outils s&rsquo;av\u00e9rant moins n\u00e9cessaire, un bon nettoyage \u00e0 l&rsquo;alcool, avec aiguisage des lames et graissage des pivots, les maintiendra imm\u00e9diatement accessibles en cas de besoin.<\/p>\n","protected":false},"excerpt":{"rendered":"<p>Juin D\u00e9foliation: Le principe de la d\u00e9foliation est de : &#8211; permettre un bourgeonnement en arri\u00e8re pour renouveler les branches ou en favoriser l&rsquo;apparition plus pr\u00e8s du tronc, et ainsi densifier le feuillage &#8211; \u00e9quilibrer la force de l&rsquo;arbre g\u00e9n\u00e9ralement concentr\u00e9e en bout de branches et au sommet (pr\u00e9dominance apicale), vers les branches les plus [&hellip;]<\/p>\n","protected":false},"author":4,"featured_media":0,"parent":0,"menu_order":0,"comment_status":"closed","ping_status":"closed","template":"","meta":{"footnotes":""},"class_list":["post-21510","page","type-page","status-publish","hentry"],"blocksy_meta":[],"_links":{"self":[{"href":"https:\/\/momiji.neurolab-inc.com\/index.php?rest_route=\/wp\/v2\/pages\/21510","targetHints":{"allow":["GET"]}}],"collection":[{"href":"https:\/\/momiji.neurolab-inc.com\/index.php?rest_route=\/wp\/v2\/pages"}],"about":[{"href":"https:\/\/momiji.neurolab-inc.com\/index.php?rest_route=\/wp\/v2\/types\/page"}],"author":[{"embeddable":true,"href":"https:\/\/momiji.neurolab-inc.com\/index.php?rest_route=\/wp\/v2\/users\/4"}],"replies":[{"embeddable":true,"href":"https:\/\/momiji.neurolab-inc.com\/index.php?rest_route=%2Fwp%2Fv2%2Fcomments&post=21510"}],"version-history":[{"count":5,"href":"https:\/\/momiji.neurolab-inc.com\/index.php?rest_route=\/wp\/v2\/pages\/21510\/revisions"}],"predecessor-version":[{"id":21596,"href":"https:\/\/momiji.neurolab-inc.com\/index.php?rest_route=\/wp\/v2\/pages\/21510\/revisions\/21596"}],"wp:attachment":[{"href":"https:\/\/momiji.neurolab-inc.com\/index.php?rest_route=%2Fwp%2Fv2%2Fmedia&parent=21510"}],"curies":[{"name":"wp","href":"https:\/\/api.w.org\/{rel}","templated":true}]}}