{"id":21556,"date":"2020-09-30T13:20:03","date_gmt":"2020-09-30T13:20:03","guid":{"rendered":"http:\/\/www.neurolab-inc.com\/site\/?page_id=21556"},"modified":"2020-09-30T13:20:03","modified_gmt":"2020-09-30T13:20:03","slug":"septembre","status":"publish","type":"page","link":"https:\/\/momiji.neurolab-inc.com\/?page_id=21556","title":{"rendered":"Septembre"},"content":{"rendered":"<h2><strong>Nouvelle p\u00e9riode de croissance<\/strong><\/h2>\n<p>Apparition de nouvelles petites feuilles. Reprise de la croissance des rameaux. Les feuilles br\u00fbl\u00e9es par le soleil sont souvent remplac\u00e9es (d\u00e9foliation naturelle).<\/p>\n<p><strong>Besoins de l\u2019arbre<\/strong>\u00a0:<\/p>\n<p>L\u2019arbre se remet \u00e0 pousser mais il doit aussi accumuler des r\u00e9serves pour l\u2019hiver et se pr\u00e9parer \u00e0 r\u00e9sister au froid. Il aura besoin d\u2019\u00e9l\u00e9ments pour atteindre ces buts.<\/p>\n<table>\n<tbody>\n<tr>\n<td><strong>Rempotage possible sur conif\u00e8res. Taille mekiri pour faire bourgeonner en arri\u00e8re. Engrais automne riche en P et K.<\/strong><\/td>\n<\/tr>\n<\/tbody>\n<\/table>\n<p><strong>QUE FAIT VOTRE BONSA\u00cf<\/strong><\/p>\n<p>En climat temp\u00e9r\u00e9 c\u2019est son deuxi\u00e8me petit printemps. L\u2019arbre ach\u00e8ve sa croissance. Ses racines sont actives. Il stocke un maximum de r\u00e9serves. Le bois gonfle et grossit assez vite. Les ligatures s\u2019incrustent. Quelquefois septembre est tr\u00e8s chaud et ressemble \u00e0 ao\u00fbt. Tout est question de climat, r\u00e9p\u00e9tons-le\u00a0?<\/p>\n<p><strong>FERTILISATION<\/strong><\/p>\n<p>Engrais d\u2019automne. Organique. En grandes quantit\u00e9s. P et K sup\u00e9rieur \u00e0 N, mais il faut quand m\u00eame un peu d\u2019azote. Possibilit\u00e9 d\u2019engrais organo-min\u00e9ral. En septembre faites une neutralisation du substrat avec une solution d\u2019eau et de cendre.<\/p>\n<p><strong>ARROSAGE<\/strong><\/p>\n<p>En raison de l\u2019activit\u00e9 de l\u2019arbre il faut bien arroser. Surtout apr\u00e8s les pluies, il ne faut pas abandonner vos arbres qui ne s\u2019en contenterons pas.<\/p>\n<p><strong>TRAITEMENTS<\/strong><\/p>\n<p>Traitements au souffre pour les o\u00efdiums (aub\u00e9pines, charmes, ch\u00eanes en particulier).<\/p>\n<p><strong>TRAVAUX<\/strong><\/p>\n<p><strong>Marcottes :\u00a0<\/strong>c\u2019est le moment de s\u00e9parer si elles sont bien racin\u00e9es. Vous s\u00e9parerez la marcotte en laissant toujours un tron\u00e7on de tronc sous elle. Vous enl\u00e8verez tr\u00e8s soigneusement la mousse autour des racines. Vous transplanterez en substrat tr\u00e8s drainant, en donnant un engrais d\u2019automne et vous fixerez bien l\u2019arbre pour que les racines ne bougent pas.<\/p>\n<p><strong>Pins<\/strong>\u00a0: fin septembre vous proc\u00e9derez au mekiri. Il s\u2019agit d\u2019une taille des rameaux de l\u2019ann\u00e9e. On la pratique sur des arbres forts en bonne sant\u00e9. Le but est de favoriser un bourgeonnement en arri\u00e8re, donc une densification. Vous couperez aux ciseaux les rameaux de l\u2019ann\u00e9e en laissant quelques aiguilles. Les rameaux forts se trouvent en p\u00e9riph\u00e9rie de l\u2019arbre ou en haut. Les faibles vers l\u2019int\u00e9rieur ou en bas. Vous ne toucherez plus \u00e0 ces aiguilles que vous aurez laiss\u00e9es. Elles ne seront enlev\u00e9es que dans un an. Un bourgeonnement en arri\u00e8re se produira au mois d\u2019octobre entre ces aiguilles et aussi sur le bois nu en arri\u00e8re, l\u00e0 o\u00f9 se trouvent les gaines des vieilles aiguilles d\u00e9j\u00e0 enlev\u00e9es ou bien plus vraisemblablement au printemps prochain. Vous pouvez aussi ligaturer sans probl\u00e8me. Enfin, vous pouvez rempoter les pins mais le \u00a0d\u00e9but du printemps est mille fois mieux. Soyez prudents avec leurs racines qui supportent mal les tailles.<\/p>\n<p><strong>Rempotage des feuillus<\/strong>\u00a0: il est possible de rempoter les feuillus sauf les arbres \u00e0 fruits (pommiers except\u00e9s). Mais il faudra les prot\u00e9ger du gel en hiver. En fait le rempotage est toujours possible lorsque l\u2019arbre est en phase de repos, il est quand m\u00eame pr\u00e9f\u00e9rable de le faire avant le printemps. Cependant, un rempotage d\u2019automne soigneux sur des arbres forts permet une reprise encore plus rapide au printemps prochain.<\/p>\n<p><strong>Gen\u00e9vriers<\/strong>\u00a0: vous pouvez pincer les rameaux qui d\u00e9passent du profil de l\u2019arbre ou carr\u00e9ment couper les rameaux forts qui ont des rejets \u00e0 la base pour les remplacer par ces derniers.<\/p>\n<p><strong>Tropicaux<\/strong> : commencez \u00e0 les rentrer selon les r\u00e9gions.<\/p>\n","protected":false},"excerpt":{"rendered":"<p>Nouvelle p\u00e9riode de croissance Apparition de nouvelles petites feuilles. Reprise de la croissance des rameaux. Les feuilles br\u00fbl\u00e9es par le soleil sont souvent remplac\u00e9es (d\u00e9foliation naturelle). Besoins de l\u2019arbre\u00a0: L\u2019arbre se remet \u00e0 pousser mais il doit aussi accumuler des r\u00e9serves pour l\u2019hiver et se pr\u00e9parer \u00e0 r\u00e9sister au froid. Il aura besoin d\u2019\u00e9l\u00e9ments pour [&hellip;]<\/p>\n","protected":false},"author":4,"featured_media":0,"parent":0,"menu_order":0,"comment_status":"closed","ping_status":"closed","template":"","meta":{"footnotes":""},"class_list":["post-21556","page","type-page","status-publish","hentry"],"blocksy_meta":[],"_links":{"self":[{"href":"https:\/\/momiji.neurolab-inc.com\/index.php?rest_route=\/wp\/v2\/pages\/21556","targetHints":{"allow":["GET"]}}],"collection":[{"href":"https:\/\/momiji.neurolab-inc.com\/index.php?rest_route=\/wp\/v2\/pages"}],"about":[{"href":"https:\/\/momiji.neurolab-inc.com\/index.php?rest_route=\/wp\/v2\/types\/page"}],"author":[{"embeddable":true,"href":"https:\/\/momiji.neurolab-inc.com\/index.php?rest_route=\/wp\/v2\/users\/4"}],"replies":[{"embeddable":true,"href":"https:\/\/momiji.neurolab-inc.com\/index.php?rest_route=%2Fwp%2Fv2%2Fcomments&post=21556"}],"version-history":[{"count":1,"href":"https:\/\/momiji.neurolab-inc.com\/index.php?rest_route=\/wp\/v2\/pages\/21556\/revisions"}],"predecessor-version":[{"id":21557,"href":"https:\/\/momiji.neurolab-inc.com\/index.php?rest_route=\/wp\/v2\/pages\/21556\/revisions\/21557"}],"wp:attachment":[{"href":"https:\/\/momiji.neurolab-inc.com\/index.php?rest_route=%2Fwp%2Fv2%2Fmedia&parent=21556"}],"curies":[{"name":"wp","href":"https:\/\/api.w.org\/{rel}","templated":true}]}}