{"id":21559,"date":"2020-09-30T13:23:02","date_gmt":"2020-09-30T13:23:02","guid":{"rendered":"http:\/\/www.neurolab-inc.com\/site\/?page_id=21559"},"modified":"2020-09-30T13:23:02","modified_gmt":"2020-09-30T13:23:02","slug":"janvier","status":"publish","type":"page","link":"https:\/\/momiji.neurolab-inc.com\/?page_id=21559","title":{"rendered":"Janvier"},"content":{"rendered":"<h2><strong>C\u2019est l\u2019hiver, l\u2019arbre est au repos.<\/strong><\/h2>\n<p>Rien ne bouge en lui. La structure a\u00e9rienne est inerte car la s\u00e8ve s\u2019est retir\u00e9e des rameaux et des bourgeons. Elle n\u2019est plus fluide, mais p\u00e2teuse. Les vaisseaux de s\u00e8ve sont \u00ab\u00a0bouch\u00e9s\u00a0\u00bb par de v\u00e9ritables bouchons de s\u00e8ve solidifi\u00e9e. Les radicelles sont inertes. Surtout ne d\u00e9potez pas pour v\u00e9rifier cela car le froid pourrait les endommager.<\/p>\n<p>L\u2019arbre conserve une l\u00e9g\u00e8re activit\u00e9. Ses lieux d\u2019\u00e9changes sont les stomates sur l\u2019\u00e9corce du tronc et des branches. On peut \u00e9ventuellement le traiter ou le r\u00e9hydrater un peu par pulv\u00e9risations sur ces zones.<\/p>\n<p>Les racines sont aussi au repos. Elles vivent au ralenti. Attention, les cellules des radicelles qui assurent les fonctions d\u2019\u00e9changes sont bien vivantes. Elles respirent un tout petit peu et s\u2019hydratent ou se d\u00e9shydratent l\u00e9g\u00e8rement. Donc, attention, le substrat ne devra pas \u00eatre noy\u00e9 en permanence, ni trop compact\u00e9. Il doit rester sain. On peut arroser de temps en temps pour \u00e9viter le dess\u00e8chement des radicelles mais pas trop !<\/p>\n<table border=\"4\">\n<tbody>\n<tr>\n<td>Taille d\u2019hiver possible \u00e0 l\u2019abri du froid mais mieux vaut attendre encore (mise en forme : coupez les grosses branches, enlevez les rameaux superflus. Mastiquez). Arrosage tr\u00e8s l\u00e9ger. Pas d\u2019engrais. Travail du bois mort. Ne faites cependant rien par grand froid ou vent vif.<\/td>\n<\/tr>\n<\/tbody>\n<\/table>\n<p><strong>QUE FAIT VOTRE BONSA\u00cf<\/strong><\/p>\n<p>Vos arbres sont au repos. Leurs racines fonctionnent faiblement. Elles assurent un m\u00e9tabolisme minimum avec des \u00e9changes gazeux et aqueux r\u00e9duits. Certains arbres comme les c\u00e8dres peuvent avoir des pousses racinaires. Donc attention au froid. La partie a\u00e9rienne est totalement inerte chez les non-persistants.<\/p>\n<p><strong>FERTILISATION<\/strong><\/p>\n<p>Pas d\u2019engrais. En effet, en cas de soleil ou de chaleur surtout en serre froide, il faut \u00e9viter que les racines ne red\u00e9marrent trop fort.<\/p>\n<p><strong>ARROSAGE<\/strong><\/p>\n<p>Tr\u00e8s mod\u00e9r\u00e9 mais il ne faut pas l\u2019oublier. Il ne faut pas que les racines se dess\u00e8chent. En cas de gel, n\u2019arrosez pas. Laisser d\u00e9geler lentement. N\u2019arrosez pas non plus si un gel est pr\u00e9vu.<\/p>\n<p><strong>TRAITEMENTS<\/strong><\/p>\n<p>Nettoyage des troncs et des branches avec une petite brosse souple. Enlevez les mousses. \u00c9ventuellement, nettoyez les cicatrices ou les anfractuosit\u00e9s avec une huile de traitement d\u2019hiver pour \u00e9liminer les larves d\u2019insectes. Spray insecticide sur les parties a\u00e9riennes. Faire un traitement pr\u00e9ventif soufre mouillable + sulfate de cuivre en une fois (sauf s\u2019il g\u00e8le).<\/p>\n<p><strong>TRAVAUX<\/strong><\/p>\n<p><strong>Tous les arbres<\/strong>\u00a0: prot\u00e9gez du gel intense et de du poids de la neige sur les branches.<\/p>\n<p><strong>Tailles de structure<\/strong>\u00a0: il s\u2019agit de d\u00e9gager la silhouette des arbres en cr\u00e9ant ses grandes lignes. En particulier, vous pouvez couper de grosses branches comme celles de sacrifice par exemple qu\u2019on a laiss\u00e9 pousser pour faire grossir le tronc, la cime ou fermer une cicatrice. Si vous pouvez attendez encore avant de tailler. Mastiquez bien les grosses coupes pour \u00e9viter la dessiccation des tissus l\u00e9s\u00e9s.<\/p>\n<p><strong>Taille de formation<\/strong>\u00a0: pour m\u00e9moire nous la citons car elle est diff\u00e9rente de la pr\u00e9c\u00e9dente. Elle s\u2019effectue au printemps et elle permet de densifier les rameaux en provoquant des bourgeonnements aux extr\u00e9mit\u00e9s, 2 par 2.<\/p>\n<p><strong>Taille d\u2019entretien<\/strong>\u00a0: est celle qui permet d\u2019harmoniser le profil de l\u2019arbre. On coupe tout ce qui d\u00e9passe, un peu comme chez le coiffeur. On peut faire cette taille l\u2019\u00e9t\u00e9 et \u00e0 l\u2019automne apr\u00e8s de fortes p\u00e9riodes de croissance ou \u00e0 la demande avant une exposition.<\/p>\n<p><strong>Taille de densification<\/strong>\u00a0: pour terminer, emploi de techniques sp\u00e9ciales pour faire bourgeonner en arri\u00e8re vers le tronc sur le bois nu. Elle se fait \u00e0 la fin du printemps ou \u00e0 l\u2019automne.<\/p>\n<p>N\u2019oubliez pas non plus votre mat\u00e9riel : nettoyage (\u00e0 l\u2019alcool \u00e0 90\u00b0 ou \u00e0 l\u2019eau javellis\u00e9e faiblement), aff\u00fbtage, rangements. Pr\u00e9voyez vos stocks de substrats pour les rempotages de mars.<\/p>\n<p><strong>Ligature<\/strong>\u00a0: possible mais attention car le bois est cassant. Soyez prudents en particulier avec les <strong>\u00e9rables<\/strong>, sauf les vari\u00e9t\u00e9s naines qui sont au contraire tr\u00e8s cassantes en p\u00e9riode v\u00e9g\u00e9tative (kyohime, kotohim,\u2026).<\/p>\n<p><strong>Bois mort<\/strong>\u00a0: nettoyez le bois mort en le brossant. Vous pouvez lui appliquer une huile min\u00e9rale pour le d\u00e9sinfecter (anti-parasitaire). Vous pouvez aussi le blanchir avec du liquide \u00e0 jin ou le passer au d\u00e9capeur thermique. Enfin, c\u2019est le d\u00e9but de la p\u00e9riode pour le travail sur les pins, les <strong>oliviers<\/strong>.<\/p>\n","protected":false},"excerpt":{"rendered":"<p>C\u2019est l\u2019hiver, l\u2019arbre est au repos. Rien ne bouge en lui. La structure a\u00e9rienne est inerte car la s\u00e8ve s\u2019est retir\u00e9e des rameaux et des bourgeons. Elle n\u2019est plus fluide, mais p\u00e2teuse. Les vaisseaux de s\u00e8ve sont \u00ab\u00a0bouch\u00e9s\u00a0\u00bb par de v\u00e9ritables bouchons de s\u00e8ve solidifi\u00e9e. Les radicelles sont inertes. Surtout ne d\u00e9potez pas pour v\u00e9rifier [&hellip;]<\/p>\n","protected":false},"author":4,"featured_media":0,"parent":0,"menu_order":0,"comment_status":"closed","ping_status":"closed","template":"","meta":{"footnotes":""},"class_list":["post-21559","page","type-page","status-publish","hentry"],"blocksy_meta":[],"_links":{"self":[{"href":"https:\/\/momiji.neurolab-inc.com\/index.php?rest_route=\/wp\/v2\/pages\/21559","targetHints":{"allow":["GET"]}}],"collection":[{"href":"https:\/\/momiji.neurolab-inc.com\/index.php?rest_route=\/wp\/v2\/pages"}],"about":[{"href":"https:\/\/momiji.neurolab-inc.com\/index.php?rest_route=\/wp\/v2\/types\/page"}],"author":[{"embeddable":true,"href":"https:\/\/momiji.neurolab-inc.com\/index.php?rest_route=\/wp\/v2\/users\/4"}],"replies":[{"embeddable":true,"href":"https:\/\/momiji.neurolab-inc.com\/index.php?rest_route=%2Fwp%2Fv2%2Fcomments&post=21559"}],"version-history":[{"count":1,"href":"https:\/\/momiji.neurolab-inc.com\/index.php?rest_route=\/wp\/v2\/pages\/21559\/revisions"}],"predecessor-version":[{"id":21560,"href":"https:\/\/momiji.neurolab-inc.com\/index.php?rest_route=\/wp\/v2\/pages\/21559\/revisions\/21560"}],"wp:attachment":[{"href":"https:\/\/momiji.neurolab-inc.com\/index.php?rest_route=%2Fwp%2Fv2%2Fmedia&parent=21559"}],"curies":[{"name":"wp","href":"https:\/\/api.w.org\/{rel}","templated":true}]}}