{"id":21561,"date":"2020-09-30T13:23:54","date_gmt":"2020-09-30T13:23:54","guid":{"rendered":"http:\/\/www.neurolab-inc.com\/site\/?page_id=21561"},"modified":"2020-09-30T13:23:54","modified_gmt":"2020-09-30T13:23:54","slug":"fevrier","status":"publish","type":"page","link":"https:\/\/momiji.neurolab-inc.com\/?page_id=21561","title":{"rendered":"F\u00e9vrier"},"content":{"rendered":"<h2><strong>En principe repos, mais \u2026.<\/strong><\/h2>\n<p>Le soleil peut r\u00e9chauffer l\u2019atmosph\u00e8re plusieurs jours de suite.<\/p>\n<p>Que se passe-t-il alors\u00a0?<\/p>\n<p>Certains bourgeons peuvent commencer \u00e0 gonfler un peu, comme s\u2019ils allaient s\u2019ouvrir. Leur protection semble avoir \u00ab\u00a0fondue\u00a0\u00bb et on peut apercevoir un peu de tissus verts. C\u2019est un \u00ab\u00a0d\u00e9bourrage\u00a0\u00bb pr\u00e9coce.<\/p>\n<table>\n<tbody>\n<tr>\n<td><strong>Tout ceci est assez dangereux<\/strong>. En effet, ces quelques jours de chaleurs sont tr\u00e8s souvent suivis de p\u00e9riodes de froid, voire de gel. Si vous ne prot\u00e9gez pas bien vos bonsa\u00ef, ils ne pourront r\u00e9sister au froid et tous ces \u00e9l\u00e9ments qui ont pouss\u00e9 risquent de mourir. Au mieux l\u2019arbre red\u00e9marrera difficilement en ayant perdu pas mal de rameaux, comme s\u2019il avait eu une taille drastique. Au pire, l\u2019arbre mourra. La solution est bien entendu de faire hiverner vos arbres naturellement dehors quand ils le supportent (pas les tropicaux bien s\u00fbr\u00a0!) en prot\u00e9geant les mottes si vous ne voulez pas prendre de risques\u00a0?<\/td>\n<\/tr>\n<\/tbody>\n<\/table>\n<p>&nbsp;<\/p>\n<table border=\"4\">\n<tbody>\n<tr>\n<td>Taille d\u2019hiver, arrosage l\u00e9ger. Pas d\u2019engrais. Travail du bois mort.<\/td>\n<\/tr>\n<\/tbody>\n<\/table>\n<p><strong>QUE FAIT VOTRE BONSA\u00cf<\/strong><\/p>\n<p>Comme en janvier mais attention \u00e0 deux ph\u00e9nom\u00e8nes. D\u2019abord il peut faire tr\u00e8s froid avec<\/p>\n<p>plusieurs jours de gel cons\u00e9cutifs. Si les mottes g\u00e8lent et que les arbres sont r\u00e9sistants au gel, pas de panique. Laissez les tels quels. N\u2019arrosez pas. Si les arbres sont peu r\u00e9sistants au froid, d\u00e9gelez lentement en serre froide. Ensuite, il peut y avoir des journ\u00e9es tr\u00e8s chaudes. Dans ce cas, les serres froides deviennent des serres chaudes et on peut avoir des mont\u00e9es de s\u00e8ve. Surveillez bien la temp\u00e9rature et ouvrez vos serres. Si les bourgeons gonflent, prot\u00e9gez bien vos arbres par la suite car ils seront tr\u00e8s sensibles au gel. Il faut toujours \u00e9viter les d\u00e9marrages de v\u00e9g\u00e9tation en serre froide.<\/p>\n<p><strong>FERTILISATION<\/strong><\/p>\n<p>Toujours pas d\u2019engrais. A la limite oligo-\u00e9l\u00e9ments en pulv\u00e9risations sur les troncs et sur les mousses.<\/p>\n<p><strong>ARROSAGE<\/strong><\/p>\n<p>Prudence toujours. Surveillez les mottes. Les c\u00e8dres peuvent d\u00e9marrer leur activit\u00e9 racinaire.<\/p>\n<p><strong>TRAITEMENTS<\/strong><\/p>\n<p>Comme en janvier.<\/p>\n<p><strong>TRAVAUX<\/strong><\/p>\n<p><strong>Pr\u00e9paration au rempotage<\/strong>\u00a0:\u00a0achetez tout ce dont vous aurez besoin le mois prochain. Tamis, pots, fils de contention, grilles. Et n\u2019oubliez pas les substrats. Pr\u00e9parez \u00e9ventuellement vos m\u00e9langes. Essayez de mettre les substrats au sec, ils seront plus faciles \u00e0 manipuler et \u00e0 tamiser en particulier.<\/p>\n<p><strong>Pr\u00e9paration \u00e0 la fertilisation<\/strong>\u00a0:\u00a0achetez vos engrais organiques ou pr\u00e9parez les vous-m\u00eames. Les \u00e9talages des jardineries offrent aussi toute une panoplie d\u2019engrais organiques, liquides ou solides. Attention, les doses pour nos bonsa\u00ef sont les m\u00eames que pour les plantes en pot ou du jardin !<\/p>\n<p><strong>Tailles\u00a0<\/strong>:\u00a0en fin de mois sur toutes les esp\u00e8ces vous pouvez couper rameaux et grosses branches. Vous pouvez aussi \u00e9claircir en s\u00e9lectionnant les bourgeons. Ne laissez que ceux qui sont utiles.<\/p>\n<p><strong>Bois mort<\/strong>\u00a0:\u00a0comme en janvier. Sur les gen\u00e8vriers, le travail du bois mort est possible sans discontinuer jusqu\u2019en septembre.<\/p>\n<p><strong>CAS PARTICULIERS<\/strong><\/p>\n<p><strong>Ifs (Taxus)\u00a0<\/strong>\u00a0:\u00a0fin f\u00e9vrier, d\u00e9but mars, enlevez les feuilles de l\u2019ann\u00e9e pr\u00e9c\u00e9dente en laissant celles de cette ann\u00e9e. On obtiendra au printemps un important bourgeonnement en arri\u00e8re.<\/p>\n<p><strong>H\u00eatres (Fagus)\u00a0<\/strong>\u00a0: pr\u00e9parez leurs marcottages ce mois-ci.<\/p>\n<p><strong>Arbres \u00e0 fleurs<\/strong>\u00a0:\u00a0ne les taillez pas pour \u00e9viter de couper par m\u00e9garde des bourgeons \u00e0 fleurs. M\u00eame chose pour les fruitiers bien entendu. Chez eux, les tailles drastiques se font apr\u00e8s la floraison. Vous pouvez les rempoter en serre froide.<\/p>\n<p><strong>Tropicaux :<\/strong>\u00a0Arroser mod\u00e9r\u00e8ment et ne pas donner d\u2019engrais. Ils sont au repos et n\u2019ont bas de besoins particuliers. N\u2019oubliez pas de nettoyer les feuilles qui peuvent s\u2019empoussi\u00e8rer.<\/p>\n","protected":false},"excerpt":{"rendered":"<p>En principe repos, mais \u2026. Le soleil peut r\u00e9chauffer l\u2019atmosph\u00e8re plusieurs jours de suite. Que se passe-t-il alors\u00a0? Certains bourgeons peuvent commencer \u00e0 gonfler un peu, comme s\u2019ils allaient s\u2019ouvrir. Leur protection semble avoir \u00ab\u00a0fondue\u00a0\u00bb et on peut apercevoir un peu de tissus verts. C\u2019est un \u00ab\u00a0d\u00e9bourrage\u00a0\u00bb pr\u00e9coce. Tout ceci est assez dangereux. En effet, [&hellip;]<\/p>\n","protected":false},"author":4,"featured_media":0,"parent":0,"menu_order":0,"comment_status":"closed","ping_status":"closed","template":"","meta":{"footnotes":""},"class_list":["post-21561","page","type-page","status-publish","hentry"],"blocksy_meta":[],"_links":{"self":[{"href":"https:\/\/momiji.neurolab-inc.com\/index.php?rest_route=\/wp\/v2\/pages\/21561","targetHints":{"allow":["GET"]}}],"collection":[{"href":"https:\/\/momiji.neurolab-inc.com\/index.php?rest_route=\/wp\/v2\/pages"}],"about":[{"href":"https:\/\/momiji.neurolab-inc.com\/index.php?rest_route=\/wp\/v2\/types\/page"}],"author":[{"embeddable":true,"href":"https:\/\/momiji.neurolab-inc.com\/index.php?rest_route=\/wp\/v2\/users\/4"}],"replies":[{"embeddable":true,"href":"https:\/\/momiji.neurolab-inc.com\/index.php?rest_route=%2Fwp%2Fv2%2Fcomments&post=21561"}],"version-history":[{"count":1,"href":"https:\/\/momiji.neurolab-inc.com\/index.php?rest_route=\/wp\/v2\/pages\/21561\/revisions"}],"predecessor-version":[{"id":21562,"href":"https:\/\/momiji.neurolab-inc.com\/index.php?rest_route=\/wp\/v2\/pages\/21561\/revisions\/21562"}],"wp:attachment":[{"href":"https:\/\/momiji.neurolab-inc.com\/index.php?rest_route=%2Fwp%2Fv2%2Fmedia&parent=21561"}],"curies":[{"name":"wp","href":"https:\/\/api.w.org\/{rel}","templated":true}]}}