{"id":21567,"date":"2020-09-30T13:25:46","date_gmt":"2020-09-30T13:25:46","guid":{"rendered":"http:\/\/www.neurolab-inc.com\/site\/?page_id=21567"},"modified":"2020-09-30T13:25:46","modified_gmt":"2020-09-30T13:25:46","slug":"mai","status":"publish","type":"page","link":"https:\/\/momiji.neurolab-inc.com\/?page_id=21567","title":{"rendered":"Mai"},"content":{"rendered":"<h2><strong>Croissance acc\u00e9l\u00e9r\u00e9e\u00a0!<\/strong><\/h2>\n<p>A vue de nez l\u2019arbre pousse\u00a0!<\/p>\n<p>Les feuilles prennent du volume et augmentent leur surface.<\/p>\n<p>La pousse en longueur semble un peu ralentir. C\u2019est la densification de l\u2019ensemble qui est la plus spectaculaire.<\/p>\n<p>&nbsp;<\/p>\n<p>Besoins de l\u2019arbre : toujours beaucoup de nourriture pour pousser.<\/p>\n<table>\n<tbody>\n<tr>\n<td><strong>Pincements de printemps ou metsumi (pour faire ramifier et diminuer la taille des feuilles). Ligaturage. Engrais. Arrosage tous les jours.<\/strong><\/td>\n<\/tr>\n<\/tbody>\n<\/table>\n<p><strong>QUE FAIT VOTRE BONSA\u00cf<\/strong><\/p>\n<p>Les feuilles se d\u00e9veloppent tr\u00e8s vite. Les rameaux commencent \u00e0 bien s\u2019allonger. Les racines ont leurs capacit\u00e9s d\u2019absorption maximum. Les azal\u00e9es sont en fleurs.<\/p>\n<p><strong>FERTILISATION<\/strong><\/p>\n<p>C\u2019est ce mois-ci qu\u2019il faut donner le maximum d\u2019engrais aux plantes non matures. Pour les bonsa\u00ef \u00e9tablis on peut augmenter aussi les doses d\u2019engrais. Par contre, pas trop d\u2019azote aux arbres en fleurs.<\/p>\n<p><strong>ARROSAGE<\/strong><\/p>\n<p>Arrosez beaucoup les arbres en formation. Beaucoup veut dire beaucoup d\u2019eau quand vous arrosez. Pour les arbres matures arrosage mod\u00e9r\u00e9 pour \u00e9viter que les feuilles ou les aiguilles ne poussent trop.<\/p>\n<p><strong>TRAITEMENTS<\/strong><\/p>\n<p>Attention aux parasites. Attention aux pourritures de racines dues \u00e0 des exc\u00e8s d\u2019eau par temps frais (sol tr\u00e8s drainant et bien a\u00e9r\u00e9 pour les \u00e9viter).<\/p>\n<p><strong>TRAVAUX<\/strong><\/p>\n<p><strong>Sapins\u00a0:\u00a0<\/strong>On pince aux doigts les bourgeons juste avant qu\u2019ils ne s\u2019ouvrent \u00e0 fond.<\/p>\n<p><strong>Erables<\/strong>\u00a0: d\u00e9foliation possible \u00e0 la fin du mois. Sur les arbres forts, un an sur deux. N\u2019enlevez que les feuilles fortes, pas les tr\u00e8s faibles. Ligaturage apr\u00e8s l\u2019effeuillage et mise en forme.<\/p>\n<p><strong>Charmes<\/strong>\u00a0: pincement des nouveaux rameaux. Quand ils ont 3 ou 4 feuilles bien d\u00e9velopp\u00e9es, coupez le reste.<\/p>\n<p><strong>Azal\u00e9es<\/strong>\u00a0: quand 70% des fleurs se sont fan\u00e9es, enlevez-les toutes y compris celles qui sont \u00e9panouies ou qui vont l\u2019\u00eatre. Vous pourrez leur donner de l\u2019engrais azot\u00e9 apr\u00e8s cette manipulation. La r\u00e8gle g\u00e9n\u00e9rale pour toutes les arbres \u00e0 fleurs ou \u00e0 fruits est de ne pas donner trop d\u2019azote \u00e0 la floraison et au d\u00e9but de la fructification. Par contre on pr\u00e9pare de belles floraisons \u00e0 l\u2019automne en donnant des engrais riches en P et K. On peut leur donner de l\u2019azote apr\u00e8s la floraison (arbres \u00e0 fleurs) et une fois que les fruits sont \u00e9tablis (arbres \u00e0 fruits) mais pas trop.<\/p>\n<p><strong>Pin noir du Japon<\/strong>\u00a0: Attention, c\u2019est le seul pin qui peut b\u00e9n\u00e9ficier de la technique suivante. Fin mai, pincez les chandelles moyennes. Enlevez les carr\u00e9ment en laissant quelques aiguilles \u00e0 leur base. 15 jours apr\u00e8s faites la m\u00eame chose sur les chandelles fortes . Ne faites pas cela sur les pins \u00e0 2 aiguilles, ni sur les pins \u00e0 5 aiguilles (c\u2019est le contraire on pince d\u2019abord les fortes)\u00a0!<\/p>\n<p><strong>Pins sylvestres, mugo, etc\u2026<\/strong>\u00a0: pincez les chandelles juste avant leur ouverture pour \u00e9quilibrer la force des rameaux. Commencez par les fortes que vous pincerez au tiers, puis 10 \u00e0 15 jours apr\u00e8s les moyennes que vous pincerez \u00e0 moiti\u00e9. Il faut suivre ses pins chaque jour pour ne pas manquer ce pincement (on ne touche jamais aux chandelles faibles).<\/p>\n<p><strong>Tropicaux<\/strong>\u00a0: dans le Sud de la France vous pouvez commencer \u00e0 les sortir. Les arbres dits d\u2019int\u00e9rieur le sont avant tout l\u2019hiver. D\u00e8s que les temp\u00e9ratures moyennes sont au-dessus de 18-20\u00b0 C vous pouvez les laisser dehors. La grande majorit\u00e9 de ces arbres tol\u00e8re le grand soleil comme dans leur pays d\u2019origine. Mais il faudra les adapter progressivement \u00e0 ses rayons.<\/p>\n<p><strong>Feuillus en g\u00e9n\u00e9ral<\/strong>\u00a0: attention aux tailles trop s\u00e9v\u00e8res qui peuvent affaiblir l\u2019arbre (perte de s\u00e8ve). Par contre, taillez les rameaux \u00e0 2 yeux pour les faire ramifier 2 par 2.<\/p>\n<p><strong>Conif\u00e8res<\/strong>\u00a0: m\u00eame chose<\/p>\n<p><strong>Gen\u00e9vriers<\/strong>\u00a0: rempotage encore possible.<\/p>\n","protected":false},"excerpt":{"rendered":"<p>Croissance acc\u00e9l\u00e9r\u00e9e\u00a0! A vue de nez l\u2019arbre pousse\u00a0! Les feuilles prennent du volume et augmentent leur surface. La pousse en longueur semble un peu ralentir. C\u2019est la densification de l\u2019ensemble qui est la plus spectaculaire. &nbsp; Besoins de l\u2019arbre : toujours beaucoup de nourriture pour pousser. Pincements de printemps ou metsumi (pour faire ramifier et [&hellip;]<\/p>\n","protected":false},"author":4,"featured_media":0,"parent":0,"menu_order":0,"comment_status":"closed","ping_status":"closed","template":"","meta":{"footnotes":""},"class_list":["post-21567","page","type-page","status-publish","hentry"],"blocksy_meta":[],"_links":{"self":[{"href":"https:\/\/momiji.neurolab-inc.com\/index.php?rest_route=\/wp\/v2\/pages\/21567","targetHints":{"allow":["GET"]}}],"collection":[{"href":"https:\/\/momiji.neurolab-inc.com\/index.php?rest_route=\/wp\/v2\/pages"}],"about":[{"href":"https:\/\/momiji.neurolab-inc.com\/index.php?rest_route=\/wp\/v2\/types\/page"}],"author":[{"embeddable":true,"href":"https:\/\/momiji.neurolab-inc.com\/index.php?rest_route=\/wp\/v2\/users\/4"}],"replies":[{"embeddable":true,"href":"https:\/\/momiji.neurolab-inc.com\/index.php?rest_route=%2Fwp%2Fv2%2Fcomments&post=21567"}],"version-history":[{"count":1,"href":"https:\/\/momiji.neurolab-inc.com\/index.php?rest_route=\/wp\/v2\/pages\/21567\/revisions"}],"predecessor-version":[{"id":21568,"href":"https:\/\/momiji.neurolab-inc.com\/index.php?rest_route=\/wp\/v2\/pages\/21567\/revisions\/21568"}],"wp:attachment":[{"href":"https:\/\/momiji.neurolab-inc.com\/index.php?rest_route=%2Fwp%2Fv2%2Fmedia&parent=21567"}],"curies":[{"name":"wp","href":"https:\/\/api.w.org\/{rel}","templated":true}]}}