{"id":21569,"date":"2020-09-30T13:26:34","date_gmt":"2020-09-30T13:26:34","guid":{"rendered":"http:\/\/www.neurolab-inc.com\/site\/?page_id=21569"},"modified":"2020-09-30T13:26:34","modified_gmt":"2020-09-30T13:26:34","slug":"juin","status":"publish","type":"page","link":"https:\/\/momiji.neurolab-inc.com\/?page_id=21569","title":{"rendered":"Juin"},"content":{"rendered":"<h2>Pic de croissance et d\u00e9but D&rsquo;ACCUMULATION\u00a0des r\u00e9serves\u00a0!<\/h2>\n<p>Fin juin l\u2019arbre a accumul\u00e9 un maximum de r\u00e9serves sous forme de sucres. Ces r\u00e9serves sont stock\u00e9es dans le tronc, les rameaux, les racines. Elles vont permettre l\u2019\u00e9laboration de bourgeons \u00e0 fleurs, de bourgeons \u00e0 feuilles et aussi la lignification de tous les tissus verts qui ont pouss\u00e9 jusqu\u2019\u00e0 maintenant (l\u2019ao\u00fbtement).<\/p>\n<p><strong>Besoins de l\u2019arbre<\/strong>\u00a0:<\/p>\n<p>moins de nourriture mais plus d\u2019\u00e9l\u00e9ments sp\u00e9cifiques pour la lignification (oligo-\u00e9l\u00e9ments).<\/p>\n<table>\n<tbody>\n<tr>\n<td><strong>Pincements de printemps (metsumi) ; d\u00e9foliations ; engrais ; pincement des chandelles des pins pour les \u00e9galiser ; engrais. Arrosage tous les jours.<\/strong><\/td>\n<\/tr>\n<\/tbody>\n<\/table>\n<p><strong>QUE FAIT VOTRE BONSA\u00cf<\/strong><\/p>\n<p>D\u00e9veloppement maximum des rameaux. La masse foliaire est \u00e0 son maximum. L\u2019arbre vient d\u2019accumuler beaucoup de r\u00e9serves.<\/p>\n<p><strong>FERTILISATION<\/strong><\/p>\n<p>Jusqu\u2019\u00e0 la fin du mois fertilisation soutenue sur les arbres en croissance. En fin de mois on peut neutraliser les substrats avec une solution de cendres dans de l\u2019eau.<\/p>\n<p><strong>ARROSAGE<\/strong><\/p>\n<p>Arrosage chaque jour et \u00e0 fond de tous les arbres. Arroser beaucoup \u00e0 chaque fois. Les pots des saules baigneront dans l\u2019eau \u00e0 chaque arrosage.<\/p>\n<p><strong>TRAITEMENTS<\/strong><\/p>\n<p>Attention aux araign\u00e9es rouges (acariens). Aspect gris\u00e2tre des feuilles. Acaricide (Bifenthrine, Ultracid). Elles se trouvent surtout en face inf\u00e9rieure des feuilles (orme de chine tr\u00e8s sensible).<\/p>\n<p><strong>TRAVAUX<\/strong><\/p>\n<p><strong>Ligatures\u00a0:\u00a0<\/strong>surveiller les ligatures et les enlever sur les \u00e9rables en particulier car elles peuvent marquer profond\u00e9ment (est-ce grave\u00a0? pas vraiment car les marques disparaissent au fil des ann\u00e9es. Il faut aussi les mastiquer).<\/p>\n<p><strong>Feuillus<\/strong>\u00a0: maintenant vous pouvez pincer les arbres matures dont les rameaux ont bien pouss\u00e9 et d\u00e9butent leur lignification. Equilibrez de cette fa\u00e7on la force des arbres. D\u00e9foliations possibles.<\/p>\n<p><strong>Charmes<\/strong>\u00a0: pincement des nouveaux rameaux. Quand ils ont 3 ou 4 feuilles bien d\u00e9velopp\u00e9es, coupez le reste.<\/p>\n<p><strong>Azal\u00e9es<\/strong>\u00a0: apr\u00e8s avoir enlev\u00e9 les fleurs (on les enl\u00e8ve toutes quand 70% de la floraison s\u2019est pass\u00e9e) pincez les nouveaux rameaux. L\u00e0 o\u00f9 il y avait une fleur est n\u00e9 un bouquet de rameaux. Laissez-en deux seulement. Vous pouvez faire des tailles drastiques sur les grosses branches. Dans ce cas, coupez-les en plusieurs fois. Entaillez s\u00e9v\u00e8rement et un mois plus tard coupez compl\u00e8tement. Cela \u00e9vite les retraits de s\u00e8ve et permet un bon bourgeonnement sur le bois nu.<\/p>\n<p><strong>H\u00eatres<\/strong>\u00a0: ne d\u00e9foliez pas les h\u00eatres du Japon mais r\u00e9duisez leurs feuilles par la taille en les d\u00e9coupant. L\u2019int\u00e9r\u00eat de cette technique, employ\u00e9e uniquement sur des arbres non exposables, est de faciliter l\u2019arriv\u00e9e de l\u2019air et de la lumi\u00e8re au centre de l\u2019arbre, donc de favoriser un futur bourgeonnement en arri\u00e8re. La d\u00e9foliation du h\u00eatre n\u2019est pas pr\u00e9conis\u00e9e par les Japonais cependant notre\u00a0<em>fagus sylvatica<\/em>\u00a0la supporte tr\u00e8s bien.<\/p>\n<p><strong>Pin noir du Japon<\/strong>\u00a0: l\u00e0 o\u00f9 vous avez pinc\u00e9 le mois dernier sont n\u00e9s des quantit\u00e9s de nouveaux bourgeons. Vous les s\u00e9lectionnerez deux par deux. Vous enl\u00e8verez les bourgeons dirig\u00e9s vers le haut, vers le bas et les tr\u00e8s faibles. Vous laisserez deux bourgeons de taille identique.<\/p>\n<p><strong>Ifs<\/strong>\u00a0: taillez l\u2019extr\u00e9mit\u00e9 des rameaux forts. Vous obtiendrez un bourgeonnement \u00e0 l\u2019endroit de la section. Si en m\u00eame temps vous d\u00e9foliez la branche, vous provoquerez un bourgeonnement en arri\u00e8re sur le bois d\u00e9nud\u00e9 (\u00e0 condition de laisser des feuilles tire-s\u00e8ve \u00e0 l\u2019extr\u00e9mit\u00e9, bien s\u00fbr).<\/p>\n<p><strong>Bonsa\u00ef tropicaux<\/strong>\u00a0: un peu partout en France on peut les sortir. Plein soleil pour tous, mais progressivement pour ne pas br\u00fbler les feuilles tendres. Beaucoup d\u2019eau et d\u2019engrais azot\u00e9.<\/p>\n<p><strong>Charmes<\/strong>\u00a0: d\u00e9foliation possible et les ormes aussi\u2026.<\/p>\n","protected":false},"excerpt":{"rendered":"<p>Pic de croissance et d\u00e9but D&rsquo;ACCUMULATION\u00a0des r\u00e9serves\u00a0! Fin juin l\u2019arbre a accumul\u00e9 un maximum de r\u00e9serves sous forme de sucres. Ces r\u00e9serves sont stock\u00e9es dans le tronc, les rameaux, les racines. Elles vont permettre l\u2019\u00e9laboration de bourgeons \u00e0 fleurs, de bourgeons \u00e0 feuilles et aussi la lignification de tous les tissus verts qui ont pouss\u00e9 [&hellip;]<\/p>\n","protected":false},"author":4,"featured_media":0,"parent":0,"menu_order":0,"comment_status":"closed","ping_status":"closed","template":"","meta":{"footnotes":""},"class_list":["post-21569","page","type-page","status-publish","hentry"],"blocksy_meta":[],"_links":{"self":[{"href":"https:\/\/momiji.neurolab-inc.com\/index.php?rest_route=\/wp\/v2\/pages\/21569","targetHints":{"allow":["GET"]}}],"collection":[{"href":"https:\/\/momiji.neurolab-inc.com\/index.php?rest_route=\/wp\/v2\/pages"}],"about":[{"href":"https:\/\/momiji.neurolab-inc.com\/index.php?rest_route=\/wp\/v2\/types\/page"}],"author":[{"embeddable":true,"href":"https:\/\/momiji.neurolab-inc.com\/index.php?rest_route=\/wp\/v2\/users\/4"}],"replies":[{"embeddable":true,"href":"https:\/\/momiji.neurolab-inc.com\/index.php?rest_route=%2Fwp%2Fv2%2Fcomments&post=21569"}],"version-history":[{"count":1,"href":"https:\/\/momiji.neurolab-inc.com\/index.php?rest_route=\/wp\/v2\/pages\/21569\/revisions"}],"predecessor-version":[{"id":21570,"href":"https:\/\/momiji.neurolab-inc.com\/index.php?rest_route=\/wp\/v2\/pages\/21569\/revisions\/21570"}],"wp:attachment":[{"href":"https:\/\/momiji.neurolab-inc.com\/index.php?rest_route=%2Fwp%2Fv2%2Fmedia&parent=21569"}],"curies":[{"name":"wp","href":"https:\/\/api.w.org\/{rel}","templated":true}]}}