{"id":21573,"date":"2020-09-30T13:27:32","date_gmt":"2020-09-30T13:27:32","guid":{"rendered":"http:\/\/www.neurolab-inc.com\/site\/?page_id=21573"},"modified":"2020-09-30T13:27:32","modified_gmt":"2020-09-30T13:27:32","slug":"aout","status":"publish","type":"page","link":"https:\/\/momiji.neurolab-inc.com\/?page_id=21573","title":{"rendered":"Ao\u00fbt"},"content":{"rendered":"<h2><strong>Repos, enfin, mais de courte dur\u00e9e. D\u00e9but du \u00ab\u00a0second printemps\u00a0\u00bb en fin de mois.<\/strong><\/h2>\n<p>En principe, l\u2019arbre ne bouge pas beaucoup mais s\u2019il pleut et s\u2019il fait frais, il pourra pousser. En fin de mois, il recommence \u00e0 pousser.<\/p>\n<p><strong>Besoins de l\u2019arbre<\/strong>\u00a0:<\/p>\n<p>Plus ou moins de nourriture, mais des \u00e9l\u00e9ments sp\u00e9cifiques pour la lignification et la pr\u00e9paration des bourgeons \u00e0 fleurs.<\/p>\n<table>\n<tbody>\n<tr>\n<td><strong>Attention \u00e0 l\u2019arrosage. Attention au soleil. Pas d\u2019engrais. En fin de mois\u00a0: ligature, boutures.<\/strong><\/td>\n<\/tr>\n<\/tbody>\n<\/table>\n<p>&nbsp;<\/p>\n<p><strong>QUE FAIT VOTRE BONSA\u00cf<\/strong><\/p>\n<p>L\u2019arbre continue son processus de lignification mais il ne pousse pas ou peu. Bien entendu certaines esp\u00e8ces comme les tropicaux sont en pleine croissance. Les m\u00e9diterran\u00e9ens \u00e9galement. Les arbres ont stock\u00e9 un maximum de sucre pour pr\u00e9parer l\u2019automne. Notez que vous pouvez faire des pr\u00e9l\u00e8vements sur des conif\u00e8res fin ao\u00fbt en prot\u00e9geant bien leurs racines avec un chiffon humide. Les feuillus devront \u00eatre bien taill\u00e9s lors de tout pr\u00e9l\u00e8vement et tr\u00e8s prot\u00e9g\u00e9s.<\/p>\n<p><strong>FERTILISATION<\/strong><\/p>\n<p>Prudence pour nos arbres qui n\u2019ont pas besoin de beaucoup d\u2019engrais s\u2019il fait chaud. Beaucoup d\u2019engrais azot\u00e9 aux tropicaux. Rien aux arbres pr\u00e9lev\u00e9s. On peut fertiliser \u00e0 nouveau les oliviers.<\/p>\n<p><strong>ARROSAGE<\/strong><\/p>\n<p>Surveillez toujours de tr\u00e8s pr\u00e8s l\u2019arrosage surtout apr\u00e8s une p\u00e9riode de croissance. Lorsqu\u2019il fait tr\u00e8s chaud vous pouvez arroser plusieurs fois par jour. Sinon, le meilleur moment reste le matin pour \u00e9viter les chocs thermiques. Soignez particuli\u00e8rement les plantes d\u2019accompagnement et les bonsa\u00ef miniatures.<\/p>\n<p><strong>TRAITEMENTS<\/strong><\/p>\n<p>Surveillez la pr\u00e9sence des parasites sur les arbres en croissance qui ont \u00e9t\u00e9 tr\u00e8s azot\u00e9s au printemps. Attention aux traitements chimiques qui peuvent br\u00fbler les feuilles.<\/p>\n<p><strong>TRAVAUX<\/strong><\/p>\n<p>Comme toujours, n\u2019oubliez pas de tourner r\u00e9guli\u00e8rement vos pots de fa\u00e7on \u00e0 r\u00e9partir harmonieusement leur ensoleillement. Assurez-vous aussi que vos bonsa\u00ef aient assez d\u2019air et ne soient pas trop serr\u00e9s.<\/p>\n<p><strong>D\u00e9foliations :\u00a0<\/strong>\u00e0 partir de ce mois il ne faut plus en faire except\u00e9 sur les tropicaux et les oliviers en r\u00e9gion sud.<\/p>\n<p><strong>Ligature<\/strong>\u00a0: possible avant la fin de l\u2019\u00e9t\u00e9. Une r\u00e8gle g\u00e9n\u00e9rale est de ligaturer juste avant des p\u00e9riodes de croissance. Ici vous le ferez avant le mois de septembre qui voit souvent une reprise v\u00e9g\u00e9tative.<\/p>\n<p><strong>Pr\u00e9l\u00e8vements<\/strong>\u00a0: possible en fin de mois, dans ce cas, si la temp\u00e9rature est \u00e9lev\u00e9e, prot\u00e9gez les racines avec un linge humide.<\/p>\n<p><strong>Travail du bois mort<\/strong>\u00a0: faites-le quand l\u2019arbre est au repos, l\u2019hiver et l\u2019\u00e9t\u00e9.<\/p>\n<p><strong>Bonsa\u00ef tropicaux<\/strong>\u00a0: dehors, plein soleil avec beaucoup d\u2019eau et d\u2019engrais.<\/p>\n<p><strong>Azal\u00e9es et autres arbres \u00e0 fleurs<\/strong>\u00a0: arr\u00eatez les tailles de mise en forme pour pr\u00e9server les bourgeons \u00e0 fleurs.<\/p>\n<p><strong>Pommiers, cognassiers<\/strong>\u00a0: vous pouvez commencer \u00e0 donner des engrais riches en P et K s\u2019ils ont des fruits. Notez qu\u2019il n\u2019est pas bon de faire fleurir ou fructifier les arbres \u00e0 fleurs ou \u00e0 fruits chaque ann\u00e9e. Si vous leur donnez une ann\u00e9e de repos, enlevez tous les fruits et les bourgeons \u00e0 fleurs et \u00e0 fruits et dans ce cas donnez des engrais comme \u00e0 un feuillu normal (azote en particulier).<\/p>\n<p><strong>Arrosage par fortes chaleurs<\/strong>\u00a0: comme en juillet, bassinez les feuilles par le haut, le soir. Si c\u2019est n\u00e9cessaire, immergez compl\u00e9tement le pot une fois par semaine dans de l\u2019eau (l\u2019immersion est une technique de survie et doit rester exceptionnelle. Elle est quand m\u00eame dangereuse pour les radicelles). Arrosez tous les jours.<\/p>\n","protected":false},"excerpt":{"rendered":"<p>Repos, enfin, mais de courte dur\u00e9e. D\u00e9but du \u00ab\u00a0second printemps\u00a0\u00bb en fin de mois. En principe, l\u2019arbre ne bouge pas beaucoup mais s\u2019il pleut et s\u2019il fait frais, il pourra pousser. En fin de mois, il recommence \u00e0 pousser. Besoins de l\u2019arbre\u00a0: Plus ou moins de nourriture, mais des \u00e9l\u00e9ments sp\u00e9cifiques pour la lignification et [&hellip;]<\/p>\n","protected":false},"author":4,"featured_media":0,"parent":0,"menu_order":0,"comment_status":"closed","ping_status":"closed","template":"","meta":{"footnotes":""},"class_list":["post-21573","page","type-page","status-publish","hentry"],"blocksy_meta":[],"_links":{"self":[{"href":"https:\/\/momiji.neurolab-inc.com\/index.php?rest_route=\/wp\/v2\/pages\/21573","targetHints":{"allow":["GET"]}}],"collection":[{"href":"https:\/\/momiji.neurolab-inc.com\/index.php?rest_route=\/wp\/v2\/pages"}],"about":[{"href":"https:\/\/momiji.neurolab-inc.com\/index.php?rest_route=\/wp\/v2\/types\/page"}],"author":[{"embeddable":true,"href":"https:\/\/momiji.neurolab-inc.com\/index.php?rest_route=\/wp\/v2\/users\/4"}],"replies":[{"embeddable":true,"href":"https:\/\/momiji.neurolab-inc.com\/index.php?rest_route=%2Fwp%2Fv2%2Fcomments&post=21573"}],"version-history":[{"count":1,"href":"https:\/\/momiji.neurolab-inc.com\/index.php?rest_route=\/wp\/v2\/pages\/21573\/revisions"}],"predecessor-version":[{"id":21574,"href":"https:\/\/momiji.neurolab-inc.com\/index.php?rest_route=\/wp\/v2\/pages\/21573\/revisions\/21574"}],"wp:attachment":[{"href":"https:\/\/momiji.neurolab-inc.com\/index.php?rest_route=%2Fwp%2Fv2%2Fmedia&parent=21573"}],"curies":[{"name":"wp","href":"https:\/\/api.w.org\/{rel}","templated":true}]}}