{"id":21575,"date":"2020-09-30T13:28:22","date_gmt":"2020-09-30T13:28:22","guid":{"rendered":"http:\/\/www.neurolab-inc.com\/site\/?page_id=21575"},"modified":"2020-09-30T13:28:22","modified_gmt":"2020-09-30T13:28:22","slug":"octobre","status":"publish","type":"page","link":"https:\/\/momiji.neurolab-inc.com\/?page_id=21575","title":{"rendered":"Octobre"},"content":{"rendered":"<h2><strong>D\u00e9but de la p\u00e9riode de repos<\/strong><\/h2>\n<p>Accumulation des r\u00e9serves. Etablissement des bourgeons \u00e0 fleurs. L\u2019arbre accumule des r\u00e9serves pour l\u2019hiver. Quelques feuilles jaunissent et commencent \u00e0 tomber.<\/p>\n<p>&nbsp;<\/p>\n<p><strong>Besoins de l\u2019arbre<\/strong><\/p>\n<p>essentiellement des \u00e9l\u00e9ments lui permettant de passer l\u2019hiver sans dommage. Il doit accumuler des r\u00e9serves<\/p>\n<table>\n<tbody>\n<tr>\n<td><strong>Engrais d\u2019automne. Pr\u00e9parez l\u2019hivernage pour ne pas vous laisser surprendre par le gel.<\/strong><\/td>\n<\/tr>\n<\/tbody>\n<\/table>\n<p><strong>QUE FAIT VOTRE BONSA\u00cf<\/strong><\/p>\n<p>L\u2019arbre continue \u00e0 accumuler des r\u00e9serves. Son bois continue \u00e0 s\u2019\u00e9paissir. Ses racines fonctionnent toujours. Mais attention, c\u2019est le d\u00e9but du r\u00e9gime de survie qui exclut donc tous les travaux genre pincements ou d\u00e9foliations.<\/p>\n<p><strong>FERTILISATION<\/strong><\/p>\n<p>Terminez ce mois les apports d\u2019engrais riches en P et K, organiques ou organo-min\u00e9ral. Ils devront comprendre un peu d\u2019azote. En fin de mois, on peut neutraliser les substrats (eau + cendres).<\/p>\n<p><strong>ARROSAGE<\/strong><\/p>\n<p>Surveillez toujours l\u2019arrosage car certaines journ\u00e9es sont encore chaudes.<\/p>\n<p><strong>TRAITEMENTS<\/strong><\/p>\n<p>Possibilit\u00e9 de premiers traitements d\u2019hiver au cuivre et au soufre, quand les feuilles tombent. Le cuivre est un fongicide. Il s\u2019emploie \u00e0 la chute des feuilles ou avant leur apparition. Ne pas employer sur les poiriers, pommiers, aub\u00e9pines, cotoneasters en feuilles.<\/p>\n<p><strong>TRAVAUX<\/strong><\/p>\n<p><strong>Pr\u00e9l\u00e8vements \/ yamadori :\u00a0<\/strong>ils sont possibles en ce mois avant l\u2019arriv\u00e9e de la neige. Nettoyez bien les racines. Substrat tr\u00e8s drainant avec beaucoup d\u2019\u00e9corce de pin. Bien arrimer l\u2019arbre.<\/p>\n<p><strong>Pins<\/strong>\u00a0: d\u00e9but des d\u00e9foliations. Vous enl\u00e8verez uniquement sur les branches ou rameaux forts et denses les aiguilles de l\u2019ann\u00e9e pr\u00e9c\u00e9dente. Vous les enl\u00e8verez d\u00e9licatement. Le mieux est de les enlever \u00e0 la pince une \u00e0 une pour ne pas endommager la gaine. L\u00e0 se trouve en effet un bourgeon latent qui pourra s\u2019ouvrir au printemps prochain et donner naissance \u00e0 un futur rameau.<\/p>\n<p><strong>Bonsa\u00ef tropicaux<\/strong>\u00a0: m\u00eame au sud de la France, ils doivent \u00eatre rentr\u00e9s. Dans ces conditions, n\u2019oubliez pas de continuer \u00e0 bien les arroser tant qu\u2019ils manifestent une activit\u00e9.<\/p>\n<p><strong>Ligaturage<\/strong>\u00a0: vous pouvez ligaturer les feuillus, mais attention quand m\u00eame car les rameaux sont assez cassants.<\/p>\n<p><strong>Rempotage<\/strong>\u00a0: ils sont encore possible si vous pr\u00e9voyez une protection contre le froid.<\/p>\n","protected":false},"excerpt":{"rendered":"<p>D\u00e9but de la p\u00e9riode de repos Accumulation des r\u00e9serves. Etablissement des bourgeons \u00e0 fleurs. L\u2019arbre accumule des r\u00e9serves pour l\u2019hiver. Quelques feuilles jaunissent et commencent \u00e0 tomber. &nbsp; Besoins de l\u2019arbre essentiellement des \u00e9l\u00e9ments lui permettant de passer l\u2019hiver sans dommage. Il doit accumuler des r\u00e9serves Engrais d\u2019automne. Pr\u00e9parez l\u2019hivernage pour ne pas vous laisser [&hellip;]<\/p>\n","protected":false},"author":4,"featured_media":0,"parent":0,"menu_order":0,"comment_status":"closed","ping_status":"closed","template":"","meta":{"footnotes":""},"class_list":["post-21575","page","type-page","status-publish","hentry"],"blocksy_meta":[],"_links":{"self":[{"href":"https:\/\/momiji.neurolab-inc.com\/index.php?rest_route=\/wp\/v2\/pages\/21575","targetHints":{"allow":["GET"]}}],"collection":[{"href":"https:\/\/momiji.neurolab-inc.com\/index.php?rest_route=\/wp\/v2\/pages"}],"about":[{"href":"https:\/\/momiji.neurolab-inc.com\/index.php?rest_route=\/wp\/v2\/types\/page"}],"author":[{"embeddable":true,"href":"https:\/\/momiji.neurolab-inc.com\/index.php?rest_route=\/wp\/v2\/users\/4"}],"replies":[{"embeddable":true,"href":"https:\/\/momiji.neurolab-inc.com\/index.php?rest_route=%2Fwp%2Fv2%2Fcomments&post=21575"}],"version-history":[{"count":1,"href":"https:\/\/momiji.neurolab-inc.com\/index.php?rest_route=\/wp\/v2\/pages\/21575\/revisions"}],"predecessor-version":[{"id":21576,"href":"https:\/\/momiji.neurolab-inc.com\/index.php?rest_route=\/wp\/v2\/pages\/21575\/revisions\/21576"}],"wp:attachment":[{"href":"https:\/\/momiji.neurolab-inc.com\/index.php?rest_route=%2Fwp%2Fv2%2Fmedia&parent=21575"}],"curies":[{"name":"wp","href":"https:\/\/api.w.org\/{rel}","templated":true}]}}