{"id":21579,"date":"2020-09-30T13:29:12","date_gmt":"2020-09-30T13:29:12","guid":{"rendered":"http:\/\/www.neurolab-inc.com\/site\/?page_id=21579"},"modified":"2020-09-30T13:29:12","modified_gmt":"2020-09-30T13:29:12","slug":"decembre","status":"publish","type":"page","link":"https:\/\/momiji.neurolab-inc.com\/?page_id=21579","title":{"rendered":"D\u00e9cembre"},"content":{"rendered":"<h2><strong>Repos\u00a0!<\/strong><\/h2>\n<p>Plus rien ne se passe. Les canaux de s\u00e8ve sont fig\u00e9s, l\u2019arbre aussi.<\/p>\n<p>&nbsp;<\/p>\n<table>\n<tbody>\n<tr>\n<td><strong>Taille d\u2019hiver ou de structure. Travail du bois mort.<\/strong><\/td>\n<\/tr>\n<\/tbody>\n<\/table>\n<p><strong>QUE FAIT VOTRE BONSA\u00cf<\/strong><\/p>\n<p>D\u00e9cembre est le premier mois o\u00f9 il semble qu\u2019il n\u2019y ait rien \u00e0 faire sur nos bonsa\u00ef. Ils sont en repos v\u00e9g\u00e9tatif. Ils ont accumul\u00e9 leurs r\u00e9serves au niveau du tronc et des bourgeons. Ils sont dans l\u2019attente des ph\u00e9nom\u00e8nes hormonaux qui d\u00e9clencheront le d\u00e9bourrage de printemps.<\/p>\n<p><strong>FERTILISATION<\/strong><\/p>\n<p>Pas d\u2019engrais car les racines ne les absorberont pas.<\/p>\n<p><strong>ARROSAGE<\/strong><\/p>\n<p>Attention \u00e0 la d\u00e9shydratation, surtout en serre froide\u00a0! les racines ne doivent pas se dess\u00e9cher. Donc arrosage r\u00e9gulier et en petites quantit\u00e9s. Ne noyez pas les conif\u00e8res.<\/p>\n<p><strong>TRAITEMENTS<\/strong><\/p>\n<p>Nettoyage des branches, des rameaux, des troncs. Enlevez les mousses \u00e0 leur base. Nettoyage des bois morts (jin et shari). Nettoyage des surfaces et des substrats. Entretien en bonne sant\u00e9 des mousses sur la surface des substrats (en pulv\u00e9risant r\u00e9guli\u00e8rement un peu d\u2019engrais liquide sur elles).<\/p>\n<p><strong>TRAVAUX<\/strong><\/p>\n<p><strong>Tropicaux :\u00a0<\/strong>\u00e0 l\u2019int\u00e9rieur ou en serre chaude. Attention \u00e0 la luminosit\u00e9. Arrosage r\u00e9gulier et engrais organique uniquement s\u2019il y a chaleur + lumi\u00e8re.<\/p>\n<p><strong>Conif\u00e8res<\/strong>\u00a0: vous pouvez encore enlever les aiguilles des ann\u00e9es pr\u00e9c\u00e9dentes. Prenez votre temps et d\u00e9s aiguillez tr\u00e8s soigneusement. Profitez-en pour ligaturer les petits rameaux. C\u2019est aussi le moment de s\u00e9lectionner les bourgeons qui donneront les chandelles au printemps. S\u00e9lectionnez-les deux par deux en gardant toujours des bourgeons lat\u00e9raux et les plus forts possibles. Enlevez les bourgeons dirig\u00e9s vers le haut et le bas.<\/p>\n<p><strong>Feuillus<\/strong>\u00a0: attention au ligaturage. Il est tentant mais les branches sont tr\u00e8s cassantes. Par contre vous pouvez commencer les tailles de structure. Dans tous les cas, \u00e9vitez les gros travaux par tr\u00e8s grands froids. Prot\u00e9gez vos arbres suppos\u00e9s fragiles. Par exemple, les \u00e9rables du japon\u00a0: paillez leurs pieds soigneusement. Dans le nord de la France, enterrez les pots ou hivernez-les en serre froide.<\/p>\n","protected":false},"excerpt":{"rendered":"<p>Repos\u00a0! Plus rien ne se passe. Les canaux de s\u00e8ve sont fig\u00e9s, l\u2019arbre aussi. &nbsp; Taille d\u2019hiver ou de structure. Travail du bois mort. QUE FAIT VOTRE BONSA\u00cf D\u00e9cembre est le premier mois o\u00f9 il semble qu\u2019il n\u2019y ait rien \u00e0 faire sur nos bonsa\u00ef. Ils sont en repos v\u00e9g\u00e9tatif. Ils ont accumul\u00e9 leurs r\u00e9serves [&hellip;]<\/p>\n","protected":false},"author":4,"featured_media":0,"parent":0,"menu_order":0,"comment_status":"closed","ping_status":"closed","template":"","meta":{"footnotes":""},"class_list":["post-21579","page","type-page","status-publish","hentry"],"blocksy_meta":[],"_links":{"self":[{"href":"https:\/\/momiji.neurolab-inc.com\/index.php?rest_route=\/wp\/v2\/pages\/21579","targetHints":{"allow":["GET"]}}],"collection":[{"href":"https:\/\/momiji.neurolab-inc.com\/index.php?rest_route=\/wp\/v2\/pages"}],"about":[{"href":"https:\/\/momiji.neurolab-inc.com\/index.php?rest_route=\/wp\/v2\/types\/page"}],"author":[{"embeddable":true,"href":"https:\/\/momiji.neurolab-inc.com\/index.php?rest_route=\/wp\/v2\/users\/4"}],"replies":[{"embeddable":true,"href":"https:\/\/momiji.neurolab-inc.com\/index.php?rest_route=%2Fwp%2Fv2%2Fcomments&post=21579"}],"version-history":[{"count":1,"href":"https:\/\/momiji.neurolab-inc.com\/index.php?rest_route=\/wp\/v2\/pages\/21579\/revisions"}],"predecessor-version":[{"id":21580,"href":"https:\/\/momiji.neurolab-inc.com\/index.php?rest_route=\/wp\/v2\/pages\/21579\/revisions\/21580"}],"wp:attachment":[{"href":"https:\/\/momiji.neurolab-inc.com\/index.php?rest_route=%2Fwp%2Fv2%2Fmedia&parent=21579"}],"curies":[{"name":"wp","href":"https:\/\/api.w.org\/{rel}","templated":true}]}}