{"id":21598,"date":"2020-10-01T16:41:49","date_gmt":"2020-10-01T16:41:49","guid":{"rendered":"http:\/\/www.neurolab-inc.com\/site\/?page_id=21598"},"modified":"2020-10-01T16:41:49","modified_gmt":"2020-10-01T16:41:49","slug":"lune-et-culture","status":"publish","type":"page","link":"https:\/\/momiji.neurolab-inc.com\/?page_id=21598","title":{"rendered":"Lune et Culture"},"content":{"rendered":"<p>De nos jours, les connaissances\/croyances ancestrales sur le sujet de l&rsquo;<strong>influence de la lune sur les cultures et le jardinage<\/strong>\u00a0sont toujours tr\u00e8s vivaces.<br \/>\nQue ce soit planter, semer, tailler, repiquer, bouturer ou r\u00e9colter, beaucoup de jardiniers tiennent compte des diff\u00e9rentes phases lunaires pour savoir \u00e0 quel moment effectuer ces actions.<br \/>\nApr\u00e8s tout, l&rsquo;influence de la Lune n&rsquo;est plus \u00e0 prouver lorsqu&rsquo;il s&rsquo;agit de la mer et des oc\u00e9ans : tout le monde peut t\u00e9moigner avoir observ\u00e9 des\u00a0<strong>mar\u00e9es<\/strong>.<\/p>\n<p>En tournant autour de la Terre, la Lune exerce son\u00a0<strong>attraction gravitationnelle sur les objets<\/strong>\u00a0se trouvant sur notre plan\u00e8te. Certaines personnes pensent que cette attraction, qui varie selon le point d&rsquo;orbite de la Lune, peut exercer un effet sur tous les liquides et pourrait donc jouer un r\u00f4le dans le d\u00e9veloppement des v\u00e9g\u00e9taux.<\/p>\n<p>L&rsquo;<strong>agriculture en bio-dynamie<\/strong>\u00a0est tr\u00e8s li\u00e9e aux principes de jardinage avec la Lune. La biodynamie consid\u00e8re que, comme les plantes sont principalement constitu\u00e9es d&rsquo;eau et qu&rsquo;elles utilisent le processus de photosynth\u00e8se, la Lune pourrait agir sur leur croissance.<\/p>\n<p>&nbsp;<\/p>\n<blockquote><p>Pour moi, les phases de la lune influent sur l\u2019\u00e9clairage nocturne, ce qui peux impacter la croissance des plantes. En effet, j\u2019ai constat\u00e9 que les nuits de pleine lune sans nuages, les plantes dans la serre boivent plus que d\u2019habitude. M\u00eame bien arros\u00e9s la veille, les plants sont secs au matin donc la fonction chlorophyllienne de la plante est s\u00fbrement active.<br \/>\n&#8211; Henri, jardinier professionel<\/p><\/blockquote>\n<hr \/>\n<h2>lune croissante, lune d\u00e9croissante<\/h2>\n<p>La lune a un cycle de 29 jours, 12 heures et 44 minutes, au cours duquel elle est successivement croissante, puis d\u00e9croissante\u00a0:<\/p>\n<ul>\n<li>La lune est croissante de la nouvelle lune \u00e0 la pleine lune (lorsque la lune forme un \u00ab\u00a0D\u00a0\u00bb comme \u00ab\u00a0d\u00e9croissante, car la lune est menteuse et indique qu&rsquo;elle d\u00e9croit alors qu&rsquo;elle cro\u00eet\u00a0!).<\/li>\n<li>La lune est d\u00e9croissante de la pleine lune \u00e0 la nouvelle lune (lorsque la lune forme un \u00ab\u00a0C\u00a0\u00bb comme \u00ab\u00a0croissante\u00a0\u00bb puisqu&rsquo;elle est menteuse\u00a0!).<\/li>\n<\/ul>\n<h2>lune ascendante, descendante et jours n\u00e9fastes<\/h2>\n<h3>Jours n\u00e9fastes<\/h3>\n<p>Pendant chaque cycle lunaire, il y a quatre jours n\u00e9fastes pour jardiner, o\u00f9 il est recommand\u00e9 de ne rien faire\u00a0:<\/p>\n<ul>\n<li><strong>le p\u00e9rig\u00e9e<\/strong>\u00a0: jour o\u00f9 la Terre et la Lune sont les plus proches,<\/li>\n<li><strong>l&rsquo;apog\u00e9e<\/strong>\u00a0: jour o\u00f9 la Terre et la Lune sont les plus \u00e9loign\u00e9es,<\/li>\n<li><strong>les deux jours de n\u0153uds lunaires<\/strong>\u00a0: jours o\u00f9 l&rsquo;orbite de la Terre autour du soleil coupe celle de la lune.<\/li>\n<\/ul>\n<h3>Lune ascendante<\/h3>\n<p>Pendant 13 jours de la phase croissante, la lune est dite ascendante.<\/p>\n<p>La s\u00e8ve des plantes monte vers les branches : c&rsquo;est la p\u00e9riode la plus favorable<\/p>\n<p>\u21d2 Semer<br \/>\n\u21d2 Cueillir<br \/>\n\u21d2 Greffer<br \/>\n\u21d2 Faire germer<\/p>\n<h3>Lune descendante<\/h3>\n<p>Pendant 13 jours de la phase d\u00e9croissante, la lune est dite descendante.<\/p>\n<p>La s\u00e8ve descend dans vers les racines : cette p\u00e9riode est propice pour<\/p>\n<p>\u21d2 Planter<br \/>\n\u21d2 Repiquer<br \/>\n\u21d2 Bouturer<br \/>\n\u21d2 Tailler<\/p>\n<h2>les jours fleurs, feuilles, fruits et racines<\/h2>\n<p>Les calendriers lunaires indiquent en outre, jour apr\u00e8s jour, ce qu&rsquo;il est pr\u00e9f\u00e9rable de faire \u00e0 ce moment\u00a0: jours fleurs, jours racines, jours feuilles et jours fruits.<\/p>\n<ul>\n<li><strong>Jours fleurs<\/strong>\u00a0: la lune passe devant les constellations de la Balance, des G\u00e9meaux ou du Verseau. Ce sont des jours particuli\u00e8rement favorables pour s&rsquo;occuper des fleurs et des l\u00e9gumes fleurs (chou-fleur, brocoli, artichaut).<\/li>\n<li><strong>Jours racines<\/strong>\u00a0: la lune passe devant les constellations du Taureau, de la Vierge ou du Capricorne. Ce sont des jours particuli\u00e8rement favorables pour planter ou r\u00e9colter des l\u00e9gumes racines (betterave, carotte, oignon, pomme de terre, radis, etc.).<\/li>\n<li><strong>Jours feuilles<\/strong>\u00a0: la lune passe devant les constellations du Scorpion, des Poissons ou du Cancer. Ce sont des jours particuli\u00e8rement favorables pour\u00a0:\n<ul>\n<li>Entretenir le gazon et les arbustes non fleuris.<\/li>\n<li>Semer et entretenir des l\u00e9gumes feuilles (salades, etc.) et les plantes aromatiques \u00e0 feuilles (basilic, estragon, etc.).<\/li>\n<\/ul>\n<\/li>\n<li><strong>Jours fruits<\/strong>\u00a0: la lune passe devant les constellations du B\u00e9lier, du Lion ou du Sagittaire. Ce sont des jours particuli\u00e8rement favorables pour planter des arbres fruitiers et pour semer ou r\u00e9colter tous les fruits et les l\u00e9gumes-fruits (tomates, aubergines, courges, concombres, etc.).<\/li>\n<\/ul>\n<blockquote><p>Pour savoir si la lune est dans une phase ou l&rsquo;autre, il faudra\u00a0<strong>l\u2019observer durant 2 jours de suite minimum<\/strong>, et ce, depuis le m\u00eame endroit, \u00e0 la m\u00eame heure.<br \/>\nIl faudra prendre un point de rep\u00e8re fixe et comparer la hauteur de la Lune par rapport \u00e0 celui ci entre les 2 jours. On constatera alors si la Lune s&rsquo;\u00e9l\u00e8ve ou s&rsquo;abaisse dans le ciel.<\/p><\/blockquote>\n","protected":false},"excerpt":{"rendered":"<p>De nos jours, les connaissances\/croyances ancestrales sur le sujet de l&rsquo;influence de la lune sur les cultures et le jardinage\u00a0sont toujours tr\u00e8s vivaces. Que ce soit planter, semer, tailler, repiquer, bouturer ou r\u00e9colter, beaucoup de jardiniers tiennent compte des diff\u00e9rentes phases lunaires pour savoir \u00e0 quel moment effectuer ces actions. Apr\u00e8s tout, l&rsquo;influence de la [&hellip;]<\/p>\n","protected":false},"author":4,"featured_media":0,"parent":0,"menu_order":0,"comment_status":"closed","ping_status":"closed","template":"","meta":{"footnotes":""},"class_list":["post-21598","page","type-page","status-publish","hentry"],"blocksy_meta":[],"_links":{"self":[{"href":"https:\/\/momiji.neurolab-inc.com\/index.php?rest_route=\/wp\/v2\/pages\/21598","targetHints":{"allow":["GET"]}}],"collection":[{"href":"https:\/\/momiji.neurolab-inc.com\/index.php?rest_route=\/wp\/v2\/pages"}],"about":[{"href":"https:\/\/momiji.neurolab-inc.com\/index.php?rest_route=\/wp\/v2\/types\/page"}],"author":[{"embeddable":true,"href":"https:\/\/momiji.neurolab-inc.com\/index.php?rest_route=\/wp\/v2\/users\/4"}],"replies":[{"embeddable":true,"href":"https:\/\/momiji.neurolab-inc.com\/index.php?rest_route=%2Fwp%2Fv2%2Fcomments&post=21598"}],"version-history":[{"count":1,"href":"https:\/\/momiji.neurolab-inc.com\/index.php?rest_route=\/wp\/v2\/pages\/21598\/revisions"}],"predecessor-version":[{"id":21599,"href":"https:\/\/momiji.neurolab-inc.com\/index.php?rest_route=\/wp\/v2\/pages\/21598\/revisions\/21599"}],"wp:attachment":[{"href":"https:\/\/momiji.neurolab-inc.com\/index.php?rest_route=%2Fwp%2Fv2%2Fmedia&parent=21598"}],"curies":[{"name":"wp","href":"https:\/\/api.w.org\/{rel}","templated":true}]}}